{"id":711,"date":"2021-03-01T13:46:27","date_gmt":"2021-03-01T13:46:27","guid":{"rendered":"https:\/\/brandsforfans.com\/en\/?page_id=711"},"modified":"2021-06-14T11:49:41","modified_gmt":"2021-06-14T11:49:41","slug":"politique-de-confidentialite","status":"publish","type":"page","link":"https:\/\/brandsforfans.com\/be\/politique-de-confidentialite\/","title":{"rendered":"Politique de confidentialit\u00e9"},"content":{"rendered":"<h1>D\u00e9claration de confidentialit\u00e9 et de cookies <\/h1>\n<p>Cette d\u00e9claration de confidentialit\u00e9 a \u00e9t\u00e9 mise \u00e0 jour la derni\u00e8re fois le 3\/23\/2021.<\/p>\n<p>Lorsque vous visitez notre <a href=\"https:\/\/www.brandsforfans.com\">https:\/\/www.brandsforfans.com<\/a>, votre vie priv\u00e9e et la protection de vos donn\u00e9es personnelles sont d&#8217;une grande importance pour Brands For Fans, (ci-apr\u00e8s: Brands For Fans). Nous adh\u00e9rons donc au r\u00e8glement g\u00e9n\u00e9ral sur la protection des donn\u00e9es (RGPD).<\/p>\n<h4>Un bref r\u00e9sum\u00e9 de notre d\u00e9claration de confidentialit\u00e9 et de cookies<\/h4>\n<p>Lors du traitement de vos donn\u00e9es personnelles, nous nous conformons aux exigences de la l\u00e9gislation applicable en mati\u00e8re de protection des donn\u00e9es. Cela signifie que nous: <\/p>\n<p>Pr\u00e9cissons clairement nos objectifs avant de traiter les donn\u00e9es personnelles, en utilisant cette d\u00e9claration de confidentialit\u00e9 et de cookies; <\/p>\n<p>Limitons notre collecte de donn\u00e9es personnelles aux seules donn\u00e9es personnelles n\u00e9cessaires \u00e0 des fins l\u00e9gitimes; <\/p>\n<p>Demandons d&#8217;abord l&#8217;autorisation explicite de traiter vos donn\u00e9es personnelles dans les cas o\u00f9 votre autorisation est requise; <\/p>\n<p>Prendons des mesures de s\u00e9curit\u00e9 appropri\u00e9es pour prot\u00e9ger vos donn\u00e9es personnelles et nous exigeons la m\u00eame chose des parties qui traitent les donn\u00e9es personnelles en notre nom. <\/p>\n<p>Respectons votre droit d&#8217;inspecter, de corriger ou de supprimer vos donn\u00e9es personnelles que nous d\u00e9tenons. <\/p>\n<h4>Dans quelles mesures  traitons-nous vos donn\u00e9es personnelles?<\/h4>\n<h5>Nous contacter<\/h5>\n<p>Lorsque vous envoyez un email ou un formulaire de contact, ou que vous nous contactez de toute autre mani\u00e8re, vous r\u00e9pondez \u00e0 notre offre de nous contacter (ex\u00e9cution du contrat). \u00c0 cette fin, nous traitons les donn\u00e9es personnelles suivantes:  <\/p>\n<p>Nom<br \/>\nAdresse e-mail <\/p>\n<p>Toutes les informations que vous saisissez comme contenu d&#8217;un message  <\/p>\n<p>Nous conservons vos donn\u00e9es aussi longtemps que n\u00e9cessaire pour cette demande de contact ou pendant un maximum de 2 ans apr\u00e8s notre dernier contact avec vous, afin que nous puissions mieux g\u00e9rer vos futures demandes de contact. <\/p>\n<h5>Newsletter<\/h5>\n<p>Si vous souhaitez rester inform\u00e9(e) des nouveaux services, vous pouvez vous abonner \u00e0 la newsletter Brands For Fans, que nous vous enverrons au maximum quatre fois par mois. Dans la newsletter, vous pouvez lire les actualit\u00e9s, les derniers lancements, des recettes et des informations sur nos produits, services et communaut\u00e9. Nous enregistrons uniquement votre adresse e-mail et n&#8217;envoyons la newsletter qu&#8217;avec votre autorisation. Nous conserverons votre adresse e-mail jusqu&#8217;\u00e0 ce que vous vous d\u00e9sabonniez de la newsletter Brands For Fans. Dans chaque newsletter que vous recevez, il est possible de se d\u00e9sinscrire via un lien dans l&#8217;e-mail.  <\/p>\n<p>Veuillez noter que lorsque vous vous inscrivez \u00e0 notre newsletter, vous acceptez \u00e9galement de recevoir des newsletters commerciales de notre partenaire Selection Prestige Gmbh, Pariser Str.3 \u00e0 D-10719 Berlin, Allemagne (ci-apr\u00e8s: le \u00abPartenaire\u00bb), dans le but de faciliter la vente du Brands For Fans achet\u00e9 ou similaire ou des produits propres de notre Partenaire. Les m\u00eames exigences mentionn\u00e9es ci-dessus s&#8217;appliqueront \u00e0 notre partenaire.<\/p>\n<h4>Quand pouvons-nous partager vos donn\u00e9es personnelles avec des tiers?<\/h4>\n<p>Brands For Fans ne partagera vos informations avec des tiers que si cela est autoris\u00e9 sur la base de la l\u00e9gislation en vigueur. Plus pr\u00e9cis\u00e9ment aux fins de la vente des produits via le Brands For Fans, nous partagerons vos informations avec notre Partenaire. Nous pouvons fournir vos donn\u00e9es personnelles \u00e0 des tiers, y compris, mais sans s&#8217;y limiter, notre partenaire, car: <\/p>\n<p>Nous les avons engag\u00e9s pour traiter certaines donn\u00e9es; <\/p>\n<p>Cela est n\u00e9cessaire pour ex\u00e9cuter l&#8217;accord avec vous; <\/p>\n<p>Vous consentez \u00e0 le faire; <\/p>\n<p>Nous avons un int\u00e9r\u00eat l\u00e9gitime \u00e0 le faire; <\/p>\n<p>Nous sommes tenus par la loi de le faire (par exemple, si la police l&#8217;exige en cas de suspicion de crime). <\/p>\n<p>Les parties qui traitent les donn\u00e9es personnelles en notre nom ou en votre nom sont: <\/p>\n<p>Fournisseurs informatiques et prestataires de services <\/p>\n<p>Fournisseurs de paiement <\/p>\n<p>Fournisseurs de services de cookies <\/p>\n<p>Fournisseurs de transport <\/p>\n<p>Entreprises de marketing  <\/p>\n<p>Brands For Fans peut transf\u00e9rer vos donn\u00e9es personnelles vers des pays en dehors de l&#8217;Espace \u00e9conomique europ\u00e9en (EEE). Ce transfert a lieu lors de la gestion de votre r\u00e9servation ou de la prise en charge de votre voyage ou parce que nos soci\u00e9t\u00e9s du groupe, partenaires ou prestataires proposent leurs services depuis ces pays. Brands For Fans fournit des garanties appropri\u00e9es pour prot\u00e9ger votre vie priv\u00e9e si n\u00e9cessaire. Cela signifie, par exemple, que Brands For Fans utilise des dispositions contractuelles types approuv\u00e9es par la Commission europ\u00e9enne pour conclure des accords sur la mani\u00e8re de traiter vos donn\u00e9es personnelles. <\/p>\n<h4>Vos donn\u00e9es personnelles sont-elles s\u00e9curis\u00e9es?<\/h4>\n<p>Brands For Fans prend les mesures techniques et organisationnelles appropri\u00e9es en ce qui concerne le traitement des donn\u00e9es personnelles, contre la perte ou contre toute forme de traitement illicite (tel que l&#8217;acc\u00e8s non autoris\u00e9, l&#8217;empi\u00e8tement, l&#8217;alt\u00e9ration ou la fourniture de donn\u00e9es personnelles).<\/p>\n<h4>Cookies<\/h4>\n<p>Nous utilisons des cookies tiers et nos propres cookies sur nos sites Web. Les cookies sont des fichiers d&#8217;informations qui peuvent \u00eatre automatiquement stock\u00e9s ou lus \u00e0 partir de l&#8217;appareil du visiteur lorsqu&#8217;il visite un site Web (tel qu&#8217;un PC, une tablette ou un smartphone). Cela se fait via le navigateur Web de l&#8217;appareil:<br \/>\nActiver les fonctionnalit\u00e9s du site Web (cookies techniques ou fonctionnels). <\/p>\n<p>Permettre l&#8217;utilisation du site Web et am\u00e9liorer le site Web sur la base de ces informations (cookies analytiques). <\/p>\n<p>Pour vous montrer des publicit\u00e9s personnalis\u00e9es (cookies marketing). <\/p>\n<p>Ces cookies collectent les donn\u00e9es suivantes aupr\u00e8s de vous: <\/p>\n<p>Adresse IP <\/p>\n<p>ID de cookie <\/p>\n<p>Site Web et comportement des clics <\/p>\n<p>URL de r\u00e9f\u00e9rence <\/p>\n<p>Lorsque vous visitez notre site Web pour la premi\u00e8re fois, nous affichons un message avec une explication sur les cookies. Nous demandons par la pr\u00e9sente, dans la mesure o\u00f9 nous sommes n\u00e9cessaires, votre consentement \u00e0 l&#8217;utilisation de cookies. <\/p>\n<p>Nous pouvons utiliser les cookies suivants: <\/p>\n<p>* WordPress<br \/>\n* Woocommerce<br \/>\n* Google Analytics<br \/>\n* Facebook Pixel<br \/>\n* Mailchimp<\/p>\n<h5>D\u00e9sactivation des cookies<\/h5>\n<p>Vous pouvez configurer votre navigateur pour n&#8217;accepter les cookies que si vous acceptez. Pour plus d&#8217;informations, consultez le manuel de votre navigateur Web. Remarquez: de nombreux sites Web ne fonctionnent pas de mani\u00e8re optimale si tous les cookies sont d\u00e9sactiv\u00e9s.<\/p>\n<h5>Suppression des cookies<\/h5>\n<p>La plupart des cookies ont une date d&#8217;expiration. Cela signifie qu&#8217;ils expireront automatiquement apr\u00e8s une certaine p\u00e9riode et n&#8217;enregistreront plus aucune donn\u00e9e concernant votre visite du site Web. Une autre option consiste \u00e0 supprimer les cookies manuellement avant les donn\u00e9es d&#8217;expiration. Pour ce faire, consultez le manuel d&#8217;instructions de votre navigateur.<\/p>\n<h4>Quels sont vos droits en mati\u00e8re de confidentialit\u00e9?<\/h4>\n<p>Vous pouvez toujours nous contacter si vous avez des questions concernant vos donn\u00e9es personnelles. En outre, vous disposez des droits suivants concernant vos donn\u00e9es personnelles:  <\/p>\n<p>Droit d&#8217;acc\u00e8s: vous avez le droit de voir quel type de donn\u00e9es personnelles nous traitons \u00e0 votre sujet; <\/p>\n<p>Droit de rectification: vous avez le droit de rectifier toutes les donn\u00e9es personnelles que nous avons trait\u00e9es \u00e0 votre sujet, si ces informations sont (partiellement) fausses; <\/p>\n<p>Droit de r\u00e9clamation: vous avez le droit de d\u00e9poser une r\u00e9clamation contre le traitement de vos donn\u00e9es personnelles par nous, ou contre le marketing direct; <\/p>\n<p>Droit \u00e0 l&#8217;oubli: vous pouvez d\u00e9poser une demande aupr\u00e8s de nous pour supprimer toutes les donn\u00e9es personnelles que nous avons trait\u00e9es \u00e0 votre sujet. <\/p>\n<p>Droit \u00e0 la portabilit\u00e9 des donn\u00e9es: si cela est techniquement possible, vous avez le droit de nous demander de transf\u00e9rer vos donn\u00e9es personnelles trait\u00e9es \u00e0 un tiers; <\/p>\n<p>Droit \u00e0 la limitation du traitement: vous pouvez d\u00e9poser une demande aupr\u00e8s de nous pour restreindre (temporairement) le traitement de vos donn\u00e9es personnelles; <\/p>\n<p>Droit de r\u00e9voquer votre consentement, lorsque nous traitons vos donn\u00e9es avec votre consentement.   <\/p>\n<p>Si vous exercez l&#8217;un des droits mentionn\u00e9s ci-dessus, nous vous demanderons de vous identifier. Pour ce faire, nous vous demanderons de nous assurer que vous \u00eates bien la personne \u00e0 laquelle appartiennent les donn\u00e9es personnelles. <\/p>\n<p>Nous r\u00e9pondrons g\u00e9n\u00e9ralement \u00e0 votre demande dans un d\u00e9lai de 30 jours. Cependant, ce d\u00e9lai peut \u00eatre prolong\u00e9 pour des raisons li\u00e9es aux droits sp\u00e9cifiques \u00e0 la vie priv\u00e9e ou \u00e0 la complexit\u00e9 de la demande. Si nous prolongons cette p\u00e9riode, nous vous en informerons en temps opportun. <\/p>\n<p>Si vous souhaitez exercer l&#8217;un de vos droits, vous pouvez le faire savoir en nous envoyant un e-mail \u00e0 info@brandsforfans.com Vous pouvez \u00e9galement nous contacter via les coordonn\u00e9es au bas de cette page.<\/p>\n<h4>Modifications de cette d\u00e9claration de confidentialit\u00e9 et de cookies <\/h4>\n<p>Si nos services changent, nous ajustons notre d\u00e9claration de confidentialit\u00e9 et de cookies. Par cons\u00e9quent, nous vous conseillons de consulter r\u00e9guli\u00e8rement cette d\u00e9claration de confidentialit\u00e9 et de cookies pour obtenir les informations les plus \u00e0 jour.<\/p>\n<h4>R\u00e9clamations<\/h4>\n<p>Si vous pensez que nous ne vous aidons pas de la bonne mani\u00e8re ou si vous n&#8217;\u00eates pas satisfait(e) de la mani\u00e8re dont nous traitons vos donn\u00e9es personnelles, vous avez le droit de d\u00e9poser une plainte aupr\u00e8s de l&#8217;autorit\u00e9. Pour France, il s&#8217;agit du CNIL (Commission Nationale Informatique &#038; Libertes).<\/p>\n<h4>D\u00e9tails du contact<\/h4>\n<p>Si vous avez des questions sur notre d\u00e9claration de confidentialit\u00e9 et de cookies ou sur vos droits, vous pouvez toujours nous contacter via les coordonn\u00e9es ci-dessous: <\/p>\n<p>Nom et adresse:<\/p>\n<p>Brands For Fans Sweden AB<br \/>\nR\u00f6rstrandsgatan 39A<br \/>\n113 41 Stockholm<br \/>\nSweden<\/p>\n<p>Adresse e-mail: <a href=\"mailto:info@brandsforfans.com\">info@brandsforfans.com<\/a><\/p>\n<p>Num\u00e9ro de t\u00e9l\u00e9phone: +46 70-299-0755<\/p>\n<p>Num\u00e9ro de chambre de commerce:<\/p>\n<p>Stockholm Chamber of Commerce &#8211; 5560957952<\/p>\n<p>Brands For Fans &#8211; VAT number &#8211; SE556867-326201<\/p>\n","protected":false},"excerpt":{"rendered":"<p>D\u00e9claration de confidentialit\u00e9 et de cookies Cette d\u00e9claration de confidentialit\u00e9 a \u00e9t\u00e9 mise \u00e0 jour la derni\u00e8re fois le 3\/23\/2021. Lorsque vous visitez notre https:\/\/www.brandsforfans.com, votre vie priv\u00e9e et la protection de vos donn\u00e9es personnelles sont d&#8217;une grande importance pour Brands For Fans, (ci-apr\u00e8s: Brands For Fans). Nous adh\u00e9rons donc au r\u00e8glement g\u00e9n\u00e9ral sur la [&hellip;]<\/p>\n","protected":false},"author":1,"featured_media":0,"parent":0,"menu_order":0,"comment_status":"closed","ping_status":"closed","template":"","meta":{"_acf_changed":false,"_trash_the_other_posts":false,"footnotes":""},"class_list":["post-711","page","type-page","status-publish","hentry"],"acf":[],"_links":{"self":[{"href":"https:\/\/brandsforfans.com\/be\/wp-json\/wp\/v2\/pages\/711","targetHints":{"allow":["GET"]}}],"collection":[{"href":"https:\/\/brandsforfans.com\/be\/wp-json\/wp\/v2\/pages"}],"about":[{"href":"https:\/\/brandsforfans.com\/be\/wp-json\/wp\/v2\/types\/page"}],"author":[{"embeddable":true,"href":"https:\/\/brandsforfans.com\/be\/wp-json\/wp\/v2\/users\/1"}],"replies":[{"embeddable":true,"href":"https:\/\/brandsforfans.com\/be\/wp-json\/wp\/v2\/comments?post=711"}],"version-history":[{"count":6,"href":"https:\/\/brandsforfans.com\/be\/wp-json\/wp\/v2\/pages\/711\/revisions"}],"predecessor-version":[{"id":1538,"href":"https:\/\/brandsforfans.com\/be\/wp-json\/wp\/v2\/pages\/711\/revisions\/1538"}],"wp:attachment":[{"href":"https:\/\/brandsforfans.com\/be\/wp-json\/wp\/v2\/media?parent=711"}],"curies":[{"name":"wp","href":"https:\/\/api.w.org\/{rel}","templated":true}]}}