{"id":1268,"date":"2021-03-25T12:43:22","date_gmt":"2021-03-25T12:43:22","guid":{"rendered":"https:\/\/brandsforfans.com\/en\/?page_id=1268"},"modified":"2021-03-29T06:09:17","modified_gmt":"2021-03-29T06:09:17","slug":"widerrufsrecht","status":"publish","type":"page","link":"https:\/\/brandsforfans.com\/de\/widerrufsrecht\/","title":{"rendered":"Widerrufsrecht"},"content":{"rendered":"<h1>Widerrufsrecht<\/h1>\n<h4>Widerrufsrecht<\/h4>\n<p>Sie haben das Recht, binnen vierzehn Tagen ohne Angabe von Gru\u0308nden diesen Vertrag zu widerrufen.<\/p>\n<p>Die Widerrufsfrist betra\u0308gt vierzehn Tage ab dem Tag, an dem Sie oder ein von Ihnen benannter Dritter, der nicht der Befo\u0308rderer ist, die Waren in Besitz genommen haben bzw. hat.<\/p>\n<p>Um Ihr Widerrufsrecht auszuu\u0308ben, mu\u0308ssen Sie uns<\/p>\n<p>S\u00e9lection Prestige GmbH<br \/>\nPariser Str. 3<br \/>\n10719 Berlin, Germany<\/p>\n<p>Tel: + 49 30-60404050<br \/>\nFax +49 30-604040511<br \/>\nEmail: <a href=\"mailto:info@selection-prestige.de\">info@selection-prestige.de<\/a><\/p>\n<p>mittels einer eindeutigen Erkla\u0308rung (z. B. ein mit der Post versandter Brief, ein Telefax oder eine E-Mail) u\u0308ber Ihren Entschluss, diesen Vertrag zu widerrufen, informieren. Sie ko\u0308nnen dafu\u0308r das beigefu\u0308gte Muster-Widerrufsformular verwenden, das jedoch nicht vorgeschrieben ist.<\/p>\n<h5>Widerrufsformular<\/h5>\n<p>Zur Wahrung der Widerrufsfrist reicht es aus, dass Sie die Mitteilung u\u0308ber die Ausu\u0308bung des Widerrufsrechts vor Ablauf der Widerrufsfrist absenden. Sie k\u00f6nnen das beigef\u00fcgte Muster-Widerrufsformular verwenden, es ist jedoch nicht vorgeschrieben. <a href=\"https:\/\/www.urban-drinks.de\/media\/widerrufsformular.pdf\" rel=\"noopener\" target=\"_blank\">Widerrufsformular<\/a>.<\/p>\n<h4>Widerrufsfolgen<\/h4>\n<p>Wenn Sie diesen Vertrag widerrufen, haben wir Ihnen alle Zahlungen, die wir von Ihnen erhalten haben, einschlie\u00dflich der Lieferkosten (mit Ausnahme der zusa\u0308tzlichen Kosten, die sich daraus ergeben, dass Sie eine andere Art der Lieferung als die von uns angebotene, gu\u0308nstigste Standardlieferung gewa\u0308hlt haben), unverzu\u0308glich und spa\u0308testens binnen vierzehn Tagen ab dem Tag zuru\u0308ckzuzahlen, an dem die Mitteilung u\u0308ber Ihren Widerruf dieses Vertrags bei uns eingegangen ist. Fu\u0308r diese Ru\u0308ckzahlung verwenden wir dasselbe Zahlungsmittel, das Sie bei der urspru\u0308nglichen Transaktion eingesetzt haben, es sei denn, mit Ihnen wurde ausdru\u0308cklich etwas anderes vereinbart; in keinem Fall werden Ihnen wegen dieser Ru\u0308ckzahlung Entgelte berechnet. Wir ko\u0308nnen die Ru\u0308ckzahlung verweigern, bis wir die Waren wieder zuru\u0308ckerhalten haben oder bis Sie den Nachweis erbracht haben, dass Sie die Waren zuru\u0308ckgesandt haben, je nachdem, welches der fru\u0308here Zeitpunkt ist. <\/p>\n<p>Sie haben die Waren unverzu\u0308glich und in jedem Fall spa\u0308testens binnen vierzehn Tagen ab dem Tag, an dem Sie uns u\u0308ber den Widerruf dieses Vertrags unterrichten, an unser Lager (S\u00e9lection Prestige, Wackenbergstr. 78-82, 13156 Berlin, Germany), zuru\u0308ckzusenden oder zu u\u0308bergeben. Die Frist ist gewahrt, wenn Sie die Waren vor Ablauf der Frist von vierzehn Tagen absenden. Eine Erstattung der R\u00fccksendekosten erfolgt nicht durch die S\u00e9lection Prestige GmbH. Sie haben aber die M\u00f6glichkeit, bei einer Bezahlung mit PayPal \u00fcber diesen Link <a href=\"https:\/\/www.paypal.com\/de\/webapps\/mpp\/refunded-returns\/\" rel=\"noopener\" target=\"_blank\">https:\/\/www.paypal.com\/de\/webapps\/mpp\/refunded-returns\/<\/a> die R\u00fccksendekosten erstattet zu bekommen. <\/p>\n<p>Sie mu\u0308ssen fu\u0308r einen etwaigen Wertverlust der Waren nur aufkommen, wenn dieser Wertverlust auf einen zur Pru\u0308fung der Beschaffenheit, Eigenschaften und Funktionsweise der Waren nicht notwendigen Umgang mit ihnen zuru\u0308ckzufu\u0308hren ist.<\/p>\n","protected":false},"excerpt":{"rendered":"<p>Widerrufsrecht Widerrufsrecht Sie haben das Recht, binnen vierzehn Tagen ohne Angabe von Gru\u0308nden diesen Vertrag zu widerrufen. Die Widerrufsfrist betra\u0308gt vierzehn Tage ab dem Tag, an dem Sie oder ein von Ihnen benannter Dritter, der nicht der Befo\u0308rderer ist, die Waren in Besitz genommen haben bzw. hat. Um Ihr Widerrufsrecht auszuu\u0308ben, mu\u0308ssen Sie uns S\u00e9lection [&hellip;]<\/p>\n","protected":false},"author":1,"featured_media":0,"parent":0,"menu_order":0,"comment_status":"closed","ping_status":"closed","template":"","meta":{"_acf_changed":false,"_trash_the_other_posts":false,"footnotes":""},"class_list":["post-1268","page","type-page","status-publish","hentry"],"acf":[],"_links":{"self":[{"href":"https:\/\/brandsforfans.com\/de\/wp-json\/wp\/v2\/pages\/1268","targetHints":{"allow":["GET"]}}],"collection":[{"href":"https:\/\/brandsforfans.com\/de\/wp-json\/wp\/v2\/pages"}],"about":[{"href":"https:\/\/brandsforfans.com\/de\/wp-json\/wp\/v2\/types\/page"}],"author":[{"embeddable":true,"href":"https:\/\/brandsforfans.com\/de\/wp-json\/wp\/v2\/users\/1"}],"replies":[{"embeddable":true,"href":"https:\/\/brandsforfans.com\/de\/wp-json\/wp\/v2\/comments?post=1268"}],"version-history":[{"count":10,"href":"https:\/\/brandsforfans.com\/de\/wp-json\/wp\/v2\/pages\/1268\/revisions"}],"predecessor-version":[{"id":1345,"href":"https:\/\/brandsforfans.com\/de\/wp-json\/wp\/v2\/pages\/1268\/revisions\/1345"}],"wp:attachment":[{"href":"https:\/\/brandsforfans.com\/de\/wp-json\/wp\/v2\/media?parent=1268"}],"curies":[{"name":"wp","href":"https:\/\/api.w.org\/{rel}","templated":true}]}}