{"id":1273,"date":"2021-03-25T12:47:28","date_gmt":"2021-03-25T12:47:28","guid":{"rendered":"https:\/\/brandsforfans.com\/en\/?page_id=1273"},"modified":"2021-04-15T05:20:17","modified_gmt":"2021-04-15T05:20:17","slug":"versand","status":"publish","type":"page","link":"https:\/\/brandsforfans.com\/de\/versand\/","title":{"rendered":"Versand"},"content":{"rendered":"<h1>Versand<\/h1>\n<p>Die angezeigten Versandkosten sind nur erste Angaben und k\u00f6nnen sich beim Checkout \u00e4ndern.<\/p>\n<p>Der Versandpreis richtet sich nach dem Gewicht (die Flaschenangaben sind Sch\u00e4tzwerte) Ihrer Sendung. Das Maximalgewicht eines Pakets betr\u00e4gt 25 kg. F\u00fcr Bestellungen mit einem h\u00f6heren Gewicht versenden wir in mehreren Paketen, entsprechend erh\u00f6hen sich die Versandkosten. Beispiel: Eine Bestellung mit einem Gesamtgewicht von 40 kg wird je nach Ware auf zwei Pakete \u00e0 20 kg aufgeteilt.<\/p>\n<p>Bitte beachten Sie, dass die Selection Prestige GmbH aus organisatorischen Gr\u00fcnden den Logistikpartner wechseln kann, ohne Sie dar\u00fcber zu informieren. Leider k\u00f6nnen wir eine Lieferung per UPS, sofern vom Kunden gew\u00e4hlt, nicht immer garantieren. Der Kunde muss jedoch nur die Kosten f\u00fcr die von ihm gew\u00e4hlte Versandart tragen.<\/p>\n","protected":false},"excerpt":{"rendered":"<p>Versand Die angezeigten Versandkosten sind nur erste Angaben und k\u00f6nnen sich beim Checkout \u00e4ndern. Der Versandpreis richtet sich nach dem Gewicht (die Flaschenangaben sind Sch\u00e4tzwerte) Ihrer Sendung. Das Maximalgewicht eines Pakets betr\u00e4gt 25 kg. F\u00fcr Bestellungen mit einem h\u00f6heren Gewicht versenden wir in mehreren Paketen, entsprechend erh\u00f6hen sich die Versandkosten. Beispiel: Eine Bestellung mit einem [&hellip;]<\/p>\n","protected":false},"author":1,"featured_media":0,"parent":0,"menu_order":0,"comment_status":"closed","ping_status":"closed","template":"","meta":{"_acf_changed":false,"_trash_the_other_posts":false,"footnotes":""},"class_list":["post-1273","page","type-page","status-publish","hentry"],"acf":[],"_links":{"self":[{"href":"https:\/\/brandsforfans.com\/de\/wp-json\/wp\/v2\/pages\/1273","targetHints":{"allow":["GET"]}}],"collection":[{"href":"https:\/\/brandsforfans.com\/de\/wp-json\/wp\/v2\/pages"}],"about":[{"href":"https:\/\/brandsforfans.com\/de\/wp-json\/wp\/v2\/types\/page"}],"author":[{"embeddable":true,"href":"https:\/\/brandsforfans.com\/de\/wp-json\/wp\/v2\/users\/1"}],"replies":[{"embeddable":true,"href":"https:\/\/brandsforfans.com\/de\/wp-json\/wp\/v2\/comments?post=1273"}],"version-history":[{"count":6,"href":"https:\/\/brandsforfans.com\/de\/wp-json\/wp\/v2\/pages\/1273\/revisions"}],"predecessor-version":[{"id":1383,"href":"https:\/\/brandsforfans.com\/de\/wp-json\/wp\/v2\/pages\/1273\/revisions\/1383"}],"wp:attachment":[{"href":"https:\/\/brandsforfans.com\/de\/wp-json\/wp\/v2\/media?parent=1273"}],"curies":[{"name":"wp","href":"https:\/\/api.w.org\/{rel}","templated":true}]}}