{"id":1352,"date":"2021-03-29T08:18:25","date_gmt":"2021-03-29T08:18:25","guid":{"rendered":"https:\/\/brandsforfans.com\/de\/?page_id=1352"},"modified":"2021-03-29T09:43:05","modified_gmt":"2021-03-29T09:43:05","slug":"impressum","status":"publish","type":"page","link":"https:\/\/brandsforfans.com\/de\/impressum\/","title":{"rendered":"Impressum"},"content":{"rendered":"<h1>Gesetzliche Anbieterkennung<\/h1>\n<p>S\u00e9lection Prestige GmbH\u00a0\u2028diese vertreten durch den Gesch\u00e4ftsf\u00fchrer Stefan Fabinger<br \/>\nPariser Str. 3\u00a0\u202810719 Berlin\u00a0\u2028Deutschland<br \/>\nTelefon: 030-6040405-0<br \/>\nE-Mail: <a href=\"mailto:info@selection-prestige.de\">info@selection-prestige.de<\/a><br \/>\nUSt-IdNr.: DE 270449592<\/p>\n<p>eingetragen im Handelsregister des Amtsgerichtes Berlin Charlottenburg<\/p>\n<p>Handelsregisternummer HRB 124815 B<\/p>\n<h4>Au\u00dfergerichtliche Online\u2013Streitbeilegung<\/h4>\n<p>Die Europ\u00e4ische Kommission stellt eine Plattform f\u00fcr die au\u00dfergerichtliche Online-Streitbeilegung (OS-Plattform) bereit, aufrufbar unter <a href=\"http:\/\/ec.europa.eu\/odr\">http:\/\/ec.europa.eu\/odr<\/a>.<\/p>\n<p>Wir sind bereit, an Streitbeilegungsverfahren vor Verbraucherschlichtungsstellen teilzunehmen.<\/p>\n<h4>Haftung f\u00fcr Inhalte<\/h4>\n<p>Als Diensteanbieter sind wir gem\u00e4\u00df \u00a7 7 Abs.1 TMG f\u00fcr eigene Inhalte auf diesen Seiten nach den allgemeinen Gesetzen verantwortlich. Nach \u00a7\u00a7 8 bis 10 TMG sind wir als Diensteanbieter jedoch nicht verpflichtet, \u00fcbermittelte oder gespeicherte fremde Informationen zu \u00fcberwachen oder nach Umst\u00e4nden zu forschen, die auf eine rechtswidrige T\u00e4tigkeit hinweisen.<\/p>\n<p>Verpflichtungen zur Entfernung oder Sperrung der Nutzung von Informationen nach den allgemeinen Gesetzen bleiben hiervon unber\u00fchrt. Eine diesbez\u00fcgliche Haftung ist jedoch erst ab dem Zeitpunkt der Kenntnis einer konkreten Rechtsverletzung m\u00f6glich. Bei Bekanntwerden von entsprechenden Rechtsverletzungen werden wir diese Inhalte umgehend entfernen.<\/p>\n<h4>Haftung f\u00fcr Links<\/h4>\n<p>Unser Angebot enth\u00e4lt Links zu externen Websites Dritter, auf deren Inhalte wir keinen Einfluss haben. Deshalb k\u00f6nnen wir f\u00fcr diese fremden Inhalte auch keine Gew\u00e4hr \u00fcbernehmen. F\u00fcr die Inhalte der verlinkten Seiten ist stets der jeweilige Anbieter oder Betreiber der Seiten verantwortlich. Die verlinkten Seiten wurden zum Zeitpunkt der Verlinkung auf m\u00f6gliche Rechtsverst\u00f6\u00dfe \u00fcberpr\u00fcft. Rechtswidrige Inhalte waren zum Zeitpunkt der Verlinkung nicht erkennbar.<\/p>\n<p>Eine permanente inhaltliche Kontrolle der verlinkten Seiten ist jedoch ohne konkrete Anhaltspunkte einer Rechtsverletzung nicht zumutbar. Bei Bekanntwerden von Rechtsverletzungen werden wir derartige Links umgehend entfernen.<\/p>\n<h4>Urheberrecht<\/h4>\n<p>Die durch die Seitenbetreiber erstellten Inhalte und Werke auf diesen Seiten unterliegen dem deutschen Urheberrecht. Die Vervielf\u00e4ltigung, Bearbeitung, Verbreitung und jede Art der Verwertung au\u00dferhalb der Grenzen des Urheberrechtes bed\u00fcrfen der schriftlichen Zustimmung des jeweiligen Autors bzw. Erstellers. Downloads und Kopien dieser Seite sind nur f\u00fcr den privaten, nicht kommerziellen Gebrauch gestattet.<br \/>\nSoweit die Inhalte auf dieser Seite nicht vom Betreiber erstellt wurden, werden die Urheberrechte Dritter beachtet. Insbesondere werden Inhalte Dritter als solche gekennzeichnet. Sollten Sie trotzdem auf eine Urheberrechtsverletzung aufmerksam werden, bitten wir um einen entsprechenden Hinweis. Bei Bekanntwerden von Rechtsverletzungen werden wir derartige Inhalte umgehend entfernen.<\/p>\n","protected":false},"excerpt":{"rendered":"<p>Gesetzliche Anbieterkennung S\u00e9lection Prestige GmbH\u00a0\u2028diese vertreten durch den Gesch\u00e4ftsf\u00fchrer Stefan Fabinger Pariser Str. 3\u00a0\u202810719 Berlin\u00a0\u2028Deutschland Telefon: 030-6040405-0 E-Mail: info@selection-prestige.de USt-IdNr.: DE 270449592 eingetragen im Handelsregister des Amtsgerichtes Berlin Charlottenburg Handelsregisternummer HRB 124815 B Au\u00dfergerichtliche Online\u2013Streitbeilegung Die Europ\u00e4ische Kommission stellt eine Plattform f\u00fcr die au\u00dfergerichtliche Online-Streitbeilegung (OS-Plattform) bereit, aufrufbar unter http:\/\/ec.europa.eu\/odr. Wir sind bereit, an Streitbeilegungsverfahren [&hellip;]<\/p>\n","protected":false},"author":1,"featured_media":0,"parent":0,"menu_order":0,"comment_status":"closed","ping_status":"closed","template":"","meta":{"_acf_changed":false,"_trash_the_other_posts":false,"footnotes":""},"class_list":["post-1352","page","type-page","status-publish","hentry"],"acf":[],"_links":{"self":[{"href":"https:\/\/brandsforfans.com\/de\/wp-json\/wp\/v2\/pages\/1352","targetHints":{"allow":["GET"]}}],"collection":[{"href":"https:\/\/brandsforfans.com\/de\/wp-json\/wp\/v2\/pages"}],"about":[{"href":"https:\/\/brandsforfans.com\/de\/wp-json\/wp\/v2\/types\/page"}],"author":[{"embeddable":true,"href":"https:\/\/brandsforfans.com\/de\/wp-json\/wp\/v2\/users\/1"}],"replies":[{"embeddable":true,"href":"https:\/\/brandsforfans.com\/de\/wp-json\/wp\/v2\/comments?post=1352"}],"version-history":[{"count":6,"href":"https:\/\/brandsforfans.com\/de\/wp-json\/wp\/v2\/pages\/1352\/revisions"}],"predecessor-version":[{"id":1362,"href":"https:\/\/brandsforfans.com\/de\/wp-json\/wp\/v2\/pages\/1352\/revisions\/1362"}],"wp:attachment":[{"href":"https:\/\/brandsforfans.com\/de\/wp-json\/wp\/v2\/media?parent=1352"}],"curies":[{"name":"wp","href":"https:\/\/api.w.org\/{rel}","templated":true}]}}