{"id":711,"date":"2021-03-01T13:46:27","date_gmt":"2021-03-01T13:46:27","guid":{"rendered":"https:\/\/brandsforfans.com\/en\/?page_id=711"},"modified":"2021-03-26T08:56:52","modified_gmt":"2021-03-26T08:56:52","slug":"datenschutz-und-cookie-richtlinien","status":"publish","type":"page","link":"https:\/\/brandsforfans.com\/de\/datenschutz-und-cookie-richtlinien\/","title":{"rendered":"Datenschutz- und Cookie Richtlinien"},"content":{"rendered":"<h1>Datenschutz- und Cookie Richtlinien<\/h1>\n<p>Diese Datenschutz Richtlinien wurden am 3\/23\/2021 erneuert   <\/p>\n<p>Wenn du unseren <a href=\"https:\/\/www.brandsforfans.com\">https:\/\/www.brandsforfans.com<\/a>, besuchst, ist der Datenschutz und der Schutz deiner Privatsph\u00e4re unser wichtigstes Anliegen Brands For Fans, (benannt: Brands For Fans). Daher f\u00fcgen wir die Allgemeine Datenschutzverordnung (DSGVO) anbei  <\/p>\n<h4>Eine kurze Zusammenfassung unserer Datenschutzrichtlinien und Cookie Einstellungen<\/h4>\n<p>W\u00e4hrend deine pers\u00f6nlichen Daten aufgenommen werden, gehen wir mit den Anforderungen der anwendbaren Datenschutzgesetzgebung konform:\u202f <\/p>\n<p>Verst\u00e4ndliche Spezifizierung unseres Verwendungszweckes<br \/>\nbevor wir die pers\u00f6nlichen Daten anwenden im Zuge der Datenschutz- und Cookie Richtlinien;\u202f  <\/p>\n<p>Limitierung der pers\u00f6nlichen Daten<br \/>\nNur die absolut notwendigen Daten f\u00fcr die Legalisierung; <\/p>\n<p>Als Erstes fragen wir explizit nach der Erlaubnis<br \/>\ndie pers\u00f6nlichen Daten, die ben\u00f6tigt werden, zu verwenden; <\/p>\n<p>Wir haben alle erforderlichen Sicherheitsma\u00dfnahmen<br \/>\num die pers\u00f6nlichen Daten zu sch\u00fctzen und wir verlangen dies auch von allen Beteiligten, die die Daten f\u00fcr uns verarbeiten;\u202f  <\/p>\n<p>Wir achten dein Recht,<br \/>\ndeine Daten, die bei uns angegeben sind, zu pr\u00fcfen, korrigieren oder zu l\u00f6schen<\/p>\n<h4>Warum brauchen wir deine pers\u00f6nlichen Daten?<\/h4>\n<h5>Kontakt<\/h5>\n<p>Wenn du uns eine E-Mail oder ein Kontaktformular sendest, oder Kontakt mit uns auf einem anderen Weg aufnimmst, reagierst auf unser Kontaktangebot (Ausf\u00fchrung des Vertrages). Aus diesem Grund verarbeiten wir die folgenden pers\u00f6nlichen Daten:   <\/p>\n<p>Name<br \/>\nE-mail address <\/p>\n<p>Jede Information, die du in das Kommentarfeld eingegeben hast <\/p>\n<p>Wir speichern deine Daten nur so lange es notwendig ist, maximal 2 Jahre nach deinem letzten Kontakt. Und auch nur, damit es einfacher ist, deine zuk\u00fcnftigen Anfragen schneller und besser zu beantworten.\u202f<\/p>\n<h5>Newsletter<\/h5>\n<p>Falls du immer auf dem Laufenden \u00fcber neue Dienstleistungen sein m\u00f6chtest, kannst du den Newsletter hier abonnieren Brands For Fans, den wir ca. 4 x im Monat versenden. In dem Newsletter erf\u00e4hrst du alle Neuigkeiten, die neuesten Angebote, Rezepte und Informationen \u00fcber unsere Produkte, Serviceangebote und unsere Community.\u202fWir registrieren nur deine E-Mail Adresse und schicken dir den Newsletter nur mit deiner Erlaubnis. Wir speichern deine E-Mail Adresse  bis du den Newsletter vom Brands For Fans abmeldest. Mit jedem Newsletter erh\u00e4ltst du einen Link, wo du dich abmelden kannst.   <\/p>\n<p>Bitte beachte, dass du mit dem Abonnement unseres Newsletters einwilligst, dass du kommerzielle Newsletter von unserem Partner Selection Prestige GmbH, Pariser Str.3, 10719 Berlin, Deutschland (genannt: \u201cPartner\u201d) erh\u00e4ltst. Dies zum Zwecke der Erleichterung des Verkaufs des Produktes oder \u00e4hnlicher Produkte unseres Partners Brands For Fans. Alle Anforderungen, wie oben genannt, gelten auch f\u00fcr unseren Partner. <\/p>\n<h4>Wann d\u00fcrfen wir deine Daten mit Dritten teilen?<\/h4>\n<p>Brands For Fans wird nur dann die Daten teilen, wenn es die Gesetzgebung erlaubt. Hier nur im Hinblick auf den Verkauf der Produkte durch Brands For Fans, und nur dann werden wir die Information teilen. Wir d\u00fcrfen deine pers\u00f6nlichen Daten an Dritte weitergeben, wenn folgendes zutrifft: <\/p>\n<p>Wir haben sie beauftragt, bestimmte Daten zu verarbeiten;\u202f <\/p>\n<p>Wenn es notwendig ist, den Auftrag von dir auszuf\u00fchren;\u202f <\/p>\n<p>Wenn du uns die Erlaubnis gibst;\u202f\u202f <\/p>\n<p>Wenn wir ein gesetzliches Interesse haben, es tun zu m\u00fcssen;\u202f <\/p>\n<p>Wenn wir vom Gesetzgeber dazu aufgefordert werden (z.B. wenn der Verdacht eines Verbrechens vorliegt)\u202f  <\/p>\n<p>Die Vertragsparteien, die von uns beauftragt wurden, sind:  <\/p>\n<p>IT\u202fLieferanten und Dienstleistungsanbieter  <\/p>\n<p>Zahlungsdienstleister   <\/p>\n<p>Cookie\u202fDienstleistungsanbieter \u202f <\/p>\n<p>Transportunternehmen \u202f <\/p>\n<p>Marketing Firmen   <\/p>\n<p>Brands For Fans kann deine pers\u00f6nlichen Daten ebenfalls au\u00dferhalb des Europ\u00e4ischen Wirtschaftsraumes (EWR) nutzen. Dieser Transfer der Daten findet dann statt, wenn unsere Buchungs- und Vertragspartner den Service von diesen L\u00e4ndern bereitstellen.\u202fBrands For Fans benutzt entsprechende Schutzma\u00dfnahmen um deine Privatsph\u00e4re zu sch\u00fctzen. Als Beispiel,\u202fBrands For Fans benutzt Vertragsvorkehrungen, die von der Europ\u00e4ischen Kommission genehmigt wurden, wie diese Daten zu behandeln sind. <\/p>\n<h4>Sind deine pers\u00f6nlichen Daten sicher?<\/h4>\n<p>Brands For Fans hat entsprechend technische und organisatorische Ma\u00dfgaben, wie die Daten zu verarbeiten sind, ist verantwortlich f\u00fcr den Verlust oder jegliche Art von ungesetzm\u00e4\u00dfiger Zuwiderhandlung und Missbrauch (unbefugter Zugriff, Rechtsverletzung, \u00c4nderung oder die Bereitstellung der pers\u00f6nlichen Daten).  <\/p>\n<h4>Cookies<\/h4>\n<p>Wir benutzen Cookies von Dritten und unsere eigenen Cookies auf unserer Webseite. Cookies sind Informationsordner, die automatisch gelagert werden oder vom Besucher auf Wunsch gelesen werden k\u00f6nnen, wenn er die Webseite besucht (mittels PC, Tablet oder Smartphone). Dies wird durch den Browser direkt gemacht. <\/p>\n<p>Verbesserung der Funktionalit\u00e4t der Webseite (technische oder zweckm\u00e4\u00dfige Cookies) \u202f <\/p>\n<p>Analyse der Benutzung der Seite basierend auf den Informationen (analytische Cookies)\u202f <\/p>\n<p>Anzeigen personalisierter Cookies (Marketing Cookies)<\/p>\n<p>Die Cookies sammeln die nachstehenden Daten von dir:<\/p>\n<p>IP address<br \/>\nCookie-ID<br \/>\nWebseite und dein Klick-Verhalten<br \/>\nBezugs-URL <\/p>\n<p>Wenn du unsere Webseite erstmalig besuchst, benachrichtigen wir dich mit der Erkl\u00e4rung \u00fcber die Cookies und wir verlangen, wenn n\u00f6tig, deine Einwilligung, den Cookies zuzustimmen.  <\/p>\n<p>\u202fDie folgenden Cookies k\u00f6nnen benutzt werden:\u202f  <\/p>\n<p>* WordPress<br \/>\n* Woocommerce<br \/>\n* Google Analytics<br \/>\n* Facebook Pixel<br \/>\n* Mailchimp<\/p>\n<h5>Au\u00dferbetriebssetzung der Cookies<\/h5>\n<p>Du kannst deinen Browser so installieren, dass er nur die Cookies setzt, denen du auch zustimmst. Falls du weitere Informationen ben\u00f6tigst, konsultiere die Richtlinien des Web Browsers. Bitte beachte: viele Webseiten arbeiten nicht optimal, wenn alle Cookies au\u00dferbetrieb gesetzt sind. <\/p>\n<h5>Entfernung der Cookies<\/h5>\n<p>Die meisten Cookies haben ein Verfallsdatum. Das hei\u00dft, dass sie automatisch nach einer bestimmten Zeit ablaufen und nicht mehr als Daten auf deiner Webseite erscheinen. Es gibt jedoch ebenfalls die Option, die Cookies manuell vor dem Verfallsdatum zu entfernen. Bitte konsultiere hier ebenfalls die Richtlinien und Instruktionsanleitung deines Browsers.<\/p>\n<h4>Wie sehen deine privaten Rechte aus?<\/h4>\n<p>Du kannst uns immer bez\u00fcglich deiner pers\u00f6nlichen Daten ansprechen. Dar\u00fcber hinaus hast du die folgenden Rechte:  <\/p>\n<p>Zugriffsrecht: du hast die M\u00f6glichkeit, dir einen Einblick dar\u00fcber zu verschaffen, welche pers\u00f6nlichen Daten wir von dir haben;\u202f <\/p>\n<p>Recht der\u202fBerichtigung: du hast das Recht, alle pers\u00f6nlichen Daten, die wir von dir haben, zu berichtigen, wenn die Informationen falls (oder teilweise falsch sind);\u202f <\/p>\n<p>Beschwerderecht:\u202fdu kannst dich jederzeit \u00fcber den Prozess deiner Datenverarbeitung beschweren\u202f <\/p>\n<p>L\u00f6schungsrecht :\u202fdu kannst einen Antrag stellen, dass alle pers\u00f6nlichen Daten gel\u00f6scht werden; <\/p>\n<p>Recht der \u202fDaten\u202fPortabilit\u00e4t: wenn es technisch m\u00f6glich ist, kannst du bei uns anfragen, um deine Daten an Dritte weiterzugeben;\u202f <\/p>\n<p>Recht der\u202fBegrenzung der Abwicklung: du kannst eine (tempor\u00e4re) Anfrage stellen, um die Abwicklung der pers\u00f6nlichen Daten zu beschr\u00e4nken;\u202f <\/p>\n<p>Widerrufs- und Zustimmungsrecht, selbst dann wenn wir deine Daten mit deiner Zustimmung verwenden.  <\/p>\n<p>Wenn du eines der oben angef\u00fchrten Rechte in Anspruch nimmst, werden wir dich bitten, dich auszuweisen. Dies machen wir, um sicherzustellen, dass du auch die Person bist, zu der die Daten geh\u00f6ren.\u202f\u202f <\/p>\n<p>Wir werden deinem Wunsch normalerweise innerhalb von 30 Tagen nachkommen. Diese Periode kann jedoch aus Gr\u00fcnden \u00fcberschritten werden &#8211;  entweder aufgrund der Komplexit\u00e4t oder der privaten Datenschutzrechte deines Anliegens.\u202fFalls wir diese Periode \u00fcberschreiten, werden wir dich dar\u00fcber zeitnah informieren. <\/p>\n<p>Falls du eines dieser Rechte aus\u00fcben m\u00f6chtest, kannst du dies tun, indem du uns unter dieser Adresse info@brandsforfans.com eine E-Mail schickst. Du kannst uns auch \u00fcber die Kontaktinformationen am Ende dieser Seite erreichen.<\/p>\n<h4>Ver\u00e4nderungen der Privatschutz- und Cookie Bestimmungen<\/h4>\n<p>In dem Fall, dass sich unser Service \u00e4ndert, werden wir deine Privatschutz- und Cookie Einstellungen \u00e4ndern. Daher raten wir dir, die Datenschutz- und Cookie Bestimmungen regelm\u00e4\u00dfig anzuschauen, damit du die neuesten Informationen dar\u00fcber hast.<\/p>\n<h4>Beschwerde<\/h4>\n<p>Falls du der Meinung bist, dass wir dir nicht in angemessener Weise geholfen haben oder wenn du nicht zufrieden bist, wie wir deine pers\u00f6nlichen Daten handhaben, kannst du jederzeit eine Beschwerde einreichen. F\u00fcr Deutschland ist dies Bundesbeauftragte f\u00fcr Datenschutz und Informationsfreiheit.<\/p>\n<h4>Kontaktinformationen<\/h4>\n<p>Wann immer du Fragen \u00fcber deinen Datenschutz oder die Cookie Bestimmungen hast, kontaktiere uns:  <\/p>\n<p>Name und Adresse:<\/p>\n<p>Brands For Fans Sweden AB<br \/>\nR\u00f6rstrandsgatan 39A<br \/>\n113 41 Stockholm<br \/>\nSweden<\/p>\n<p>Email address: <a href=\"mailto:info@brandsforfans.com\">info@brandsforfans.com<\/a><\/p>\n<p>Telefon Nummer: +46 70-299-0755<\/p>\n<p>Handelskammer Nummer:<\/p>\n<p>Stockholm Chamber of Commerce &#8211; 5560957952<\/p>\n<p>Brands For Fans &#8211; VAT number &#8211; SE556867-326201<\/p>\n","protected":false},"excerpt":{"rendered":"<p>Datenschutz- und Cookie Richtlinien Diese Datenschutz Richtlinien wurden am 3\/23\/2021 erneuert Wenn du unseren https:\/\/www.brandsforfans.com, besuchst, ist der Datenschutz und der Schutz deiner Privatsph\u00e4re unser wichtigstes Anliegen Brands For Fans, (benannt: Brands For Fans). Daher f\u00fcgen wir die Allgemeine Datenschutzverordnung (DSGVO) anbei Eine kurze Zusammenfassung unserer Datenschutzrichtlinien und Cookie Einstellungen W\u00e4hrend deine pers\u00f6nlichen Daten aufgenommen [&hellip;]<\/p>\n","protected":false},"author":1,"featured_media":0,"parent":0,"menu_order":0,"comment_status":"closed","ping_status":"closed","template":"","meta":{"_acf_changed":false,"_trash_the_other_posts":false,"footnotes":""},"class_list":["post-711","page","type-page","status-publish","hentry"],"acf":[],"_links":{"self":[{"href":"https:\/\/brandsforfans.com\/de\/wp-json\/wp\/v2\/pages\/711","targetHints":{"allow":["GET"]}}],"collection":[{"href":"https:\/\/brandsforfans.com\/de\/wp-json\/wp\/v2\/pages"}],"about":[{"href":"https:\/\/brandsforfans.com\/de\/wp-json\/wp\/v2\/types\/page"}],"author":[{"embeddable":true,"href":"https:\/\/brandsforfans.com\/de\/wp-json\/wp\/v2\/users\/1"}],"replies":[{"embeddable":true,"href":"https:\/\/brandsforfans.com\/de\/wp-json\/wp\/v2\/comments?post=711"}],"version-history":[{"count":5,"href":"https:\/\/brandsforfans.com\/de\/wp-json\/wp\/v2\/pages\/711\/revisions"}],"predecessor-version":[{"id":1342,"href":"https:\/\/brandsforfans.com\/de\/wp-json\/wp\/v2\/pages\/711\/revisions\/1342"}],"wp:attachment":[{"href":"https:\/\/brandsforfans.com\/de\/wp-json\/wp\/v2\/media?parent=711"}],"curies":[{"name":"wp","href":"https:\/\/api.w.org\/{rel}","templated":true}]}}