{"id":830,"date":"2021-03-05T08:19:11","date_gmt":"2021-03-05T08:19:11","guid":{"rendered":"https:\/\/brandsforfans.com\/en\/?page_id=830"},"modified":"2021-03-25T19:39:21","modified_gmt":"2021-03-25T19:39:21","slug":"uber-uns","status":"publish","type":"page","link":"https:\/\/brandsforfans.com\/de\/uber-uns\/","title":{"rendered":"\u00dcber uns"},"content":{"rendered":"\t\t<div data-elementor-type=\"wp-page\" data-elementor-id=\"830\" class=\"elementor elementor-830\" data-elementor-post-type=\"page\">\n\t\t\t\t\t\t<section class=\"elementor-section elementor-top-section elementor-element elementor-element-246cce1c elementor-section-boxed elementor-section-height-default elementor-section-height-default\" data-id=\"246cce1c\" data-element_type=\"section\">\n\t\t\t\t\t\t<div class=\"elementor-container elementor-column-gap-default\">\n\t\t\t\t\t<div class=\"elementor-column elementor-col-100 elementor-top-column elementor-element elementor-element-3b2be68a\" data-id=\"3b2be68a\" data-element_type=\"column\">\n\t\t\t<div class=\"elementor-widget-wrap elementor-element-populated\">\n\t\t\t\t\t\t<div class=\"elementor-element elementor-element-7fbdd0fe elementor-widget elementor-widget-text-editor\" data-id=\"7fbdd0fe\" data-element_type=\"widget\" data-widget_type=\"text-editor.default\">\n\t\t\t\t<div class=\"elementor-widget-container\">\n\t\t\t\t\t\t\t\t\t<h1>\u00dcber uns<\/h1><p>Brands For Fans ist eine schwedische Firma auf dem Weltmarkt agierend. F\u00fchrend in Marketing und dem Verkauf alkoholischer Produkte, die in Zusammenarbeit mit K\u00fcnstlern entstanden sind. Unsere attraktiven Produkte wurden in enger Zusammenarbeit mit den Bands Ghost, HammerFall, In Flames, Jonas \u00c5kerlund, Judas Priest, KISS, Mot\u00f6rhead, Rammstein, Scorpions, Slayer und dem Sweden Rock Festival f\u00fcr die Fans entwickelt. Durch unsere erfolgreiche Gesch\u00e4ftsstrategie in Kollaboration mit den K\u00fcnstlern und den Herstellern des Alkohols haben wir die M\u00f6glichkeit, nicht nur die Fangemeinde des Rocks zu erreichen sondern auch die echten Kenner und Genie\u00dfer.<\/p><p>Uns gibt es seit 2012. Im Januar 2018 wurde Brands For Fans einTeil der UMIDA Gruppe.<\/p><p><a href=\"https:\/\/brandsforfans.com\/de\/marken\/\">Marken<\/a>: <a href=\"https:\/\/brandsforfans.com\/de\/produkte\/ghost\/\">Ghost<\/a>, <a href=\"https:\/\/brandsforfans.com\/de\/produkte\/hammerfall\/\">HammerFall<\/a>, <a href=\"https:\/\/brandsforfans.com\/de\/produkte\/in-flames\/\">In Flames<\/a>, Jonas \u00c5kerlund,\u00a0<a style=\"font-size: 1rem; background-color: #ffffff;\" href=\"https:\/\/brandsforfans.com\/de\/produkte\/kiss\/\">KISS<\/a>,<span style=\"color: var( --e-global-color-text ); font-size: 1rem;\">\u00a0<\/span><a style=\"background-color: #ffffff; font-size: 1rem;\" href=\"https:\/\/brandsforfans.com\/de\/produkte\/motorhead\/\">Mot\u00f6rhead<\/a><span style=\"color: var( --e-global-color-text ); font-size: 1rem;\">, Rammstein, Scorpions, Slayer and Sweden Rock Festival.<\/span><\/p><p>Gesch\u00e4ftsidee: durch die Lifestyle Produkte wird die Bindung zwischen K\u00fcnstlern und Fans gest\u00e4rkt.<\/p>\t\t\t\t\t\t\t\t<\/div>\n\t\t\t\t<\/div>\n\t\t\t\t\t<\/div>\n\t\t<\/div>\n\t\t\t\t\t<\/div>\n\t\t<\/section>\n\t\t\t\t<\/div>\n\t\t","protected":false},"excerpt":{"rendered":"<p>\u00dcber uns Brands For Fans ist eine schwedische Firma auf dem Weltmarkt agierend. F\u00fchrend in Marketing und dem Verkauf alkoholischer Produkte, die in Zusammenarbeit mit K\u00fcnstlern entstanden sind. Unsere attraktiven Produkte wurden in enger Zusammenarbeit mit den Bands Ghost, HammerFall, In Flames, Jonas \u00c5kerlund, Judas Priest, KISS, Mot\u00f6rhead, Rammstein, Scorpions, Slayer und dem Sweden Rock [&hellip;]<\/p>\n","protected":false},"author":1,"featured_media":0,"parent":0,"menu_order":0,"comment_status":"closed","ping_status":"closed","template":"","meta":{"_acf_changed":false,"_trash_the_other_posts":false,"footnotes":""},"class_list":["post-830","page","type-page","status-publish","hentry"],"acf":[],"_links":{"self":[{"href":"https:\/\/brandsforfans.com\/de\/wp-json\/wp\/v2\/pages\/830","targetHints":{"allow":["GET"]}}],"collection":[{"href":"https:\/\/brandsforfans.com\/de\/wp-json\/wp\/v2\/pages"}],"about":[{"href":"https:\/\/brandsforfans.com\/de\/wp-json\/wp\/v2\/types\/page"}],"author":[{"embeddable":true,"href":"https:\/\/brandsforfans.com\/de\/wp-json\/wp\/v2\/users\/1"}],"replies":[{"embeddable":true,"href":"https:\/\/brandsforfans.com\/de\/wp-json\/wp\/v2\/comments?post=830"}],"version-history":[{"count":28,"href":"https:\/\/brandsforfans.com\/de\/wp-json\/wp\/v2\/pages\/830\/revisions"}],"predecessor-version":[{"id":1295,"href":"https:\/\/brandsforfans.com\/de\/wp-json\/wp\/v2\/pages\/830\/revisions\/1295"}],"wp:attachment":[{"href":"https:\/\/brandsforfans.com\/de\/wp-json\/wp\/v2\/media?parent=830"}],"curies":[{"name":"wp","href":"https:\/\/api.w.org\/{rel}","templated":true}]}}