{"id":902,"date":"2021-03-10T14:25:09","date_gmt":"2021-03-10T14:25:09","guid":{"rendered":"https:\/\/brandsforfans.com\/en\/?page_id=902"},"modified":"2021-03-29T06:13:29","modified_gmt":"2021-03-29T06:13:29","slug":"allgemeine-geschaeftsbedingungen","status":"publish","type":"page","link":"https:\/\/brandsforfans.com\/de\/allgemeine-geschaeftsbedingungen\/","title":{"rendered":"Allgemeine Gesch\u00e4ftsbedingungen"},"content":{"rendered":"<h1>Allgemeine Gesch\u00e4ftsbedingungen<\/h1>\n<h5>Allgemeine Gesch\u00e4ftsbedingungen und Kundeninformationen<\/h5>\n<h4>\u00a7 1 Grundlegende Bestimmungen<\/h4>\n<p><b>(1)<\/b> Die nachstehenden Gesch\u00e4ftsbedingungen gelten f\u00fcr alle Vertr\u00e4ge, die Sie mit uns als Anbieter (S\u00e9lection Prestige GmbH) \u00fcber die Internetseite  www.brandsforfans.com schlie\u00dfen. Soweit nicht anders vereinbart, wird der Einbeziehung gegebenenfalls von Ihnen verwendeter eigener Bedingungen widersprochen.<\/p>\n<p><b>(2)<\/b> \u202fVerbraucher im Sinne der nachstehenden Regelungen ist jede nat\u00fcrliche Person, die ein Rechtsgesch\u00e4ft zu Zwecken abschlie\u00dft, die \u00fcberwiegend weder ihrer gewerblichen noch ihrer selbst\u00e4ndigen beruflichen T\u00e4tigkeit zugerechnet werden kann. Unternehmer ist jede nat\u00fcrliche oder juristische Person oder eine rechtsf\u00e4hige Personengesellschaft, die bei Abschluss eines Rechtsgesch\u00e4fts in Aus\u00fcbung ihrer selbst\u00e4ndigen beruflichen oder gewerblichen T\u00e4tigkeit handelt.<\/p>\n<h4>\u00a7 2 Zustandekommen des Vertrages<\/h4>\n<p><b>(1)<\/b> Folgende Regelungen \u00fcber den Vertragsabschluss gelten f\u00fcr Bestellungen in unserem Internetshop\u202fwww.brandsforfans.com.<\/p>\n<p><b>(2)<\/b> Kommt ein Vertrag zustande, wird dieser mit<br \/>\nS\u00e9lection Prestige GmbH<br \/>\nPariser Str. 3<br \/>\n10719 Berlin<br \/>\ngeschlossen. <\/p>\n<p><b>(3)<\/b> Das Einstellen von Waren in unserem Internetshop stellt kein rechtlich bindendes Vertragsangebot von uns dar, sondern ist lediglich eine unverbindliche Aufforderung an den Kunden, diese Waren zu bestellen. Bestellt der Kunde die gew\u00fcnschte Ware, gibt er damit ein f\u00fcr ihn bindendes Angebot zum Abschluss eines Kaufvertrages ab.<\/p>\n<p><b>(4)<\/b> Wenn eine Bestellung in unserem Internetshop eingeht, gelten die folgenden Regelungen: <\/p>\n<p>Wenn ein Kunde den nachfolgend dargestellten Bestellvorgang durchl\u00e4uft, gibt er damit ein verbindliches Vertragsangebot ab. Der Bestellvorgang erfolgt in diesen Schritten: <\/p>\n<p>a) Ausw\u00e4hlen der gew\u00fcnschten Ware<br \/>\nb) Best\u00e4tigen durch Klicken der Schaltfl\u00e4che \u201ein den Warenkorb\u201c<br \/>\nc) Pr\u00fcfen s\u00e4mtlicher Angaben im Warenkorb<br \/>\nd) Bet\u00e4tigen der Schaltfl\u00e4che \u201eWeiter\u201c<br \/>\ne) Anmelden im Webshop nach Registrierung und Eingabe der Anmeldedaten (E-Mail-Adresse und Passwort) oder Bestellen als Gast.<br \/>\nf) Pr\u00fcfen und Berichtigen der eingegebenen Daten.<br \/>\ng) Verbindliches Absenden der Bestellung durch Bet\u00e4tigen der Schaltfl\u00e4che \u201ekostenpflichtig bestellen\u201c. <\/p>\n<p>Vor dem verbindlichen Absenden der Bestellung kann der Kunde durch das Klicken der \u201eZur\u00fcck\u201c-Schaltfl\u00e4che seines Internetbrowsers nach Kontrolle seiner Angaben erneut zu der Seite zur\u00fcckkehren, auf welcher die Angaben erfasst wurden, die der Kunde w\u00e4hrend des Bestellvorgangs gemacht hat. Dort kann er etwaige Fehler berichtigen oder den Bestellvorgang beenden, indem er den Internetbrowser schlie\u00dft. <\/p>\n<p>Nach Erhalt der Bestellung best\u00e4tigen wir diese durch eine automatisch verfasste E-Mail. Diese E-Mail stellt jedoch noch keine Annahme des Angebotes unsererseits dar. Eine Annahme des Angebots durch uns erfolgt schriftlich, in Textform oder durch \u00dcbersendung der Ware. <\/p>\n<p><b>(5)<\/b> Den Vertragstext speichern wir und \u00fcbersenden Ihnen die Daten Ihrer Bestellung sowie unsere Allgemeinen Gesch\u00e4ftsbedingungen per E-Mail. Sie k\u00f6nnen die Allgemeinen Gesch\u00e4ftsbedingungen auch unter\u202fhttps:\/\/brandsforfans.com\/en\/terms-and-conditions\u202fabrufen. Ihre vergangenen Bestellungen k\u00f6nnen Sie in unserem Kunden-Bereich unter Mein Konto &#8211;> Meine Bestellungen einsehen.<\/p>\n<h4>\u00a7 3 Individuell gestaltete Waren<\/h4>\n<p><b>(1)<\/b> Sie stellen uns die f\u00fcr die individuelle Gestaltung der Waren erforderlichen geeigneten Informationen, Texte oder Dateien \u00fcber das Online-Bestellsystem oder per E-Mail sp\u00e4testens unverz\u00fcglich nach Vertragsschluss zur Verf\u00fcgung. Unsere etwaigen Vorgaben zu Dateiformaten sind zu beachten.<\/p>\n<p><b>(2)<\/b> Sie verpflichten sich, keine Daten zu \u00fcbermitteln, deren Inhalt Rechte Dritter (insbesondere Urheberrechte, Namensrechte, Markenrechte) verletzen oder gegen bestehende Gesetze versto\u00dfen. Sie stellen uns ausdr\u00fccklich von s\u00e4mtlichen in diesem Zusammenhang geltend gemachten Anspr\u00fcchen Dritter frei. Das betrifft auch die Kosten der in diesem Zusammenhang erforderlichen rechtlichen Vertretung.<\/p>\n<p><b>(3)<\/b> Wir nehmen keine Pr\u00fcfung der \u00fcbermittelten Daten auf inhaltliche Richtigkeit vor und \u00fcbernehmen insoweit keine Haftung f\u00fcr Fehler.<\/p>\n<p><b>(4)<\/b> Soweit wir im Rahmen der individuellen Gestaltung f\u00fcr Sie Texte, Bilder, Grafiken und Designs erstellen, unterliegen diese dem Urheberrecht.<br \/>\nOhne unsere ausdr\u00fcckliche Zustimmung ist eine Verwendung, Reproduktion oder Ver\u00e4nderung einzelner Teile oder kompletter Inhalte nicht zul\u00e4ssig.<br \/>\nSoweit nicht anders vereinbart, \u00fcbertragen wir Ihnen ein zeitlich unbegrenztes Nutzungsrecht an den f\u00fcr Sie erstellten urheberrechtlich gesch\u00fctzten Werken. Es ist Ihnen ausdr\u00fccklich untersagt, die gesch\u00fctzten Werke oder Teile davon in irgendeiner Weise Dritten privat oder kommerziell zur Verf\u00fcgung zu stellen.<br \/>\nDie \u00dcbertragung des Nutzungsrechts steht unter der aufschiebenden Bedingung der vollst\u00e4ndigen Zahlung des vereinbarten Kaufpreises.<\/p>\n<h4>\u00a7 4 Zur\u00fcckbehaltungsrecht, Eigentumsvorbehalt<\/h4>\n<p><b>(1)<\/b> Ein Zur\u00fcckbehaltungsrecht k\u00f6nnen Sie nur aus\u00fcben, soweit es sich um Forderungen aus demselben Vertragsverh\u00e4ltnis handelt.<\/p>\n<p><b>(2)<\/b> Die Ware bleibt bis zur vollst\u00e4ndigen Zahlung des Kaufpreises unser Eigentum.<\/p>\n<h4>\u00a7 5 Haftung<\/h4>\n<p><b>(1)<\/b> Wir haften jeweils uneingeschr\u00e4nkt f\u00fcr Sch\u00e4den aus der Verletzung des Lebens, des K\u00f6rpers oder der Gesundheit. Weiter haften wir ohne Einschr\u00e4nkung in allen F\u00e4llen des Vorsatzes und grober Fahrl\u00e4ssigkeit, bei arglistigem Verschweigen eines Mangels, bei \u00dcbernahme der Garantie f\u00fcr die Beschaffenheit des Kaufgegenstandes und in allen anderen gesetzlich geregelten F\u00e4llen.<\/p>\n<p><b>(2)<\/b> Die Haftung f\u00fcr M\u00e4ngel im Rahmen der gesetzlichen Gew\u00e4hrleistung richtet sich nach der entsprechenden Regelung in unseren Kundeninformationen (Teil II).<\/p>\n<p><b>(3)<\/b> Sofern wesentliche Vertragspflichten betroffen sind, ist unsere Haftung bei leichter Fahrl\u00e4ssigkeit auf den vertragstypischen, vorhersehbaren Schaden beschr\u00e4nkt. Wesentliche Vertragspflichten sind wesentliche Pflichten, die sich aus der Natur des Vertrages ergeben und deren Verletzung die Erreichung des Vertragszweckes gef\u00e4hrden w\u00fcrde sowie Pflichten, die der Vertrag uns nach seinem Inhalt zur Erreichung des Vertragszwecks auferlegt, deren Erf\u00fcllung die ordnungsgem\u00e4\u00dfe Durchf\u00fchrung des Vertrags \u00fcberhaupt erst m\u00f6glich machen und auf deren Einhaltung Sie regelm\u00e4\u00dfig vertrauen d\u00fcrfen.<\/p>\n<p><b>(4)<\/b> Bei der Verletzung unwesentlicher Vertragspflichten ist die Haftung bei leicht fahrl\u00e4ssigen Pflichtverletzungen ausgeschlossen.<\/p>\n<p><b>(5)<\/b> Die Datenkommunikation \u00fcber das Internet kann nach dem derzeitigen Stand der Technik nicht fehlerfrei und\/oder jederzeit verf\u00fcgbar gew\u00e4hrleistet werden. Wir haften insoweit weder f\u00fcr die st\u00e4ndige noch ununterbrochene Verf\u00fcgbarkeit der Webseite und der dort angebotenen Dienstleistung. <\/p>\n<h4>\u00a7 6 Rechtswahl, Erf\u00fcllungsort, Gerichtsstand<\/h4>\n<p><b>(1)<\/b> Es gilt niederl\u00e4ndisches Recht. Bei Verbrauchern gilt diese Rechtswahl nur, soweit hierdurch der durch zwingende Bestimmungen des Rechts des Staates des gew\u00f6hnlichen Aufenthaltes des Verbrauchers gew\u00e4hrte Schutz nicht entzogen wird (G\u00fcnstigkeitsprinzip).<\/p>\n<p><b>(2)<\/b> Erf\u00fcllungsort f\u00fcr alle Leistungen aus den mit uns bestehenden Gesch\u00e4ftsbeziehungen sowie Gerichtsstand ist unser Sitz, soweit Sie nicht Verbraucher, sondern Kaufmann, juristische Person des \u00f6ffentlichen Rechts oder \u00f6ffentlich-rechtliches Sonderverm\u00f6gen sind.\u202fDasselbe gilt, wenn Sie keinen allgemeinen Gerichtsstand in Deutschland oder der EU haben oder der Wohnsitz oder gew\u00f6hnliche Aufenthalt im Zeitpunkt der Klageerhebung nicht bekannt ist. Die Befugnis, auch das Gericht an einem anderen gesetzlichen Gerichtsstand anzurufen, bleibt hiervon unber\u00fchrt.<\/p>\n<p><b>(3)<\/b> Die Bestimmungen des UN-Kaufrechts finden ausdr\u00fccklich keine Anwendung.<\/p>\n<h4>\u00a7 7 Jugendschutz<\/h4>\n<p><b>(1)<\/b> Beim Verkauf von Ware, die den Regelungen des Jugendschutzgesetzes unterf\u00e4llt, gehen wir nur Vertragsbeziehungen mit Kunden ein, die das gesetzlich vorgeschriebene Mindestalter erreicht haben.<br \/>\nAuf bestehende Altersbeschr\u00e4nkungen wird in der jeweiligen Artikelbeschreibung hingewiesen.<\/p>\n<p><b>(2)<\/b> Sie versichern mit Absenden Ihrer Bestellung, das gesetzlich vorgeschriebene Mindestalter erreicht zu haben und dass Ihre Angaben bez\u00fcglich Ihres Namens und Ihrer Adresse richtig sind. Sie sind verpflichtet, daf\u00fcr Sorge zu tragen, dass nur Sie selbst oder solche von Ihnen zur Entgegennahme der Lieferung erm\u00e4chtigte Personen, die das gesetzlich vorgeschriebene Mindestalter erreicht haben, die Ware in Empfang nehmen. <\/p>\n<p><b>(3)<\/b> Soweit wir aufgrund der gesetzlichen Bestimmungen verpflichtet sind, eine Alterskontrolle vorzunehmen, weisen wir den mit der Lieferung beauftragten Logistikdienstleister an, die Lieferung nur an Personen zu \u00fcbergeben, die das gesetzlich vorgeschriebene Mindestalter erreicht haben, und sich im Zweifelsfall den Personalausweis der die Ware in Empfang nehmenden Person zur Alterskontrolle vorzeigen zu lassen.<\/p>\n<p><b>(4)<\/b> Soweit wir in der jeweiligen Artikelbeschreibung \u00fcber das gesetzlich vorgeschriebene Mindestalter hinaus ausweisen, dass Sie das 18. Lebensjahr vollendet haben m\u00fcssen, um den Artikel erwerben zu k\u00f6nnen, gelten die vorgenannten Abs\u00e4tze 1-3 mit der Ma\u00dfgabe, dass anstelle des gesetzlich vorgeschriebenen Mindestalters das Vollj\u00e4hrigkeitsalter erreicht sein muss.<\/p>\n<p>_______________________________________________________________________________________<\/p>\n<h3>II. Kundeninformationen<\/h3>\n<h4>1. Identit\u00e4t des Verk\u00e4ufers<\/h4>\n<p>S\u00e9lection Prestige GmbH<br \/>\nPariser Str. 3<br \/>\n10719 Berlin<br \/>\nDeutschland<br \/>\nTelefon: 030-6040405-0<br \/>\nE-Mail: info@selection-prestige.de<\/p>\n<p>Alternative Streitbeilegung:<br \/>\nDie Europ\u00e4ische Kommission stellt eine Plattform f\u00fcr die au\u00dfergerichtliche Online-Streitbeilegung (OS-Plattform) bereit, aufrufbar unter\u202fhttp:\/\/ec.europa.eu\/odr. <\/p>\n<p>Wir sind bereit, an Streitbeilegungsverfahren vor Verbraucherschlichtungsstellen teilzunehmen. <\/p>\n<h4>2. Informationen zum Zustandekommen des Vertrages<\/h4>\n<p>Die technischen Schritte zum Vertragsschluss, der Vertragsschluss selbst und die Korrekturm\u00f6glichkeiten erfolgen nach Ma\u00dfgabe des \u00a7 2\u202funserer Allgemeinen Gesch\u00e4ftsbedingungen (Teil I.).<\/p>\n<h4>3. Vertragssprache, Vertragstextspeicherung<\/h4>\n<p><b>3.1<\/b> Vertragssprache ist deutsch.<\/p>\n<p><b>3.2<\/b> Der vollst\u00e4ndige Vertragstext wird von uns nicht gespeichert. Vor Absenden der Bestellung\u202f\u00fcber das Online &#8211; Warenkorbsystem\u202f\u202fk\u00f6nnen die Vertragsdaten \u00fcber die Druckfunktion des Browsers ausgedruckt oder elektronisch gesichert werden. Nach Zugang der Bestellung bei uns werden die Bestelldaten, die gesetzlich vorgeschriebenen Informationen bei Fernabsatzvertr\u00e4gen und die Allgemeinen Gesch\u00e4ftsbedingungen nochmals per E-Mail an Sie \u00fcbersandt.<\/p>\n<p><b>3.3<\/b> Bei Angebotsanfragen au\u00dferhalb des Online-Warenkorbsystems erhalten Sie alle Vertragsdaten im Rahmen eines verbindlichen Angebotes in Textform \u00fcbersandt, z.B. per E-Mail, welche Sie ausdrucken oder elektronisch sichern k\u00f6nnen. <\/p>\n<h4>4. Wesentliche Merkmale der Ware oder Dienstleistung<\/h4>\n<p>Die wesentlichen Merkmale der Ware und\/oder Dienstleistung finden sich im jeweiligen Angebot.<\/p>\n<h4>5. Preise und Zahlungsmodalit\u00e4ten<\/h4>\n<p><b>5.1<\/b> Die in den jeweiligen Angeboten angef\u00fchrten Preise sowie die Versandkosten stellen Gesamtpreise dar. Sie beinhalten alle Preisbestandteile einschlie\u00dflich aller anfallenden Steuern.<\/p>\n<p><b>5.2<\/b> Die anfallenden Versandkosten sind nicht im Kaufpreis enthalten.\u202fSie sind \u00fcber eine entsprechend bezeichnete Schaltfl\u00e4che auf unserer Internetpr\u00e4senz oder im jeweiligen Angebot aufrufbar,\u202fwerden im Laufe des Bestellvorganges gesondert ausgewiesen und sind von Ihnen zus\u00e4tzlich zu tragen, soweit nicht die versandkostenfreie Lieferung zugesagt ist. <\/p>\n<p><b>5.3<\/b> Die Ihnen zur Verf\u00fcgung stehenden Zahlungsarten\u202fsind unter einer entsprechend bezeichneten Schaltfl\u00e4che auf unserer Internetpr\u00e4senz oder im jeweiligen Angebot ausgewiesen.<\/p>\n<p><b>5.4<\/b> Soweit bei den einzelnen Zahlungsarten nicht anders angegeben, sind die Zahlungsanspr\u00fcche aus dem geschlossenen Vertrag sofort zur Zahlung f\u00e4llig. <\/p>\n<h4>6. Lieferbedingungen<\/h4>\n<p><b>6.1<\/b> Die Lieferbedingungen, der Liefertermin sowie gegebenenfalls bestehende Lieferbeschr\u00e4nkungen finden sich unter einer entsprechend bezeichneten Schaltfl\u00e4che auf unserer Internetpr\u00e4senz oder im jeweiligen Angebot.<\/p>\n<p><b>6.2<\/b> Soweit Sie Verbraucher sind ist gesetzlich geregelt, dass die Gefahr des zuf\u00e4lligen Untergangs und der zuf\u00e4lligen Verschlechterung der verkauften Sache w\u00e4hrend der Versendung erst mit der \u00dcbergabe der Ware an Sie \u00fcbergeht, unabh\u00e4ngig davon, ob die Versendung versichert oder unversichert erfolgt. Dies gilt nicht, wenn Sie eigenst\u00e4ndig ein nicht vom Unternehmer benanntes Transportunternehmen oder eine sonst zur Ausf\u00fchrung der Versendung bestimmte Person beauftragt haben.<\/p>\n<p><b>6.3<\/b> Bitte beachten Sie, dass der Zusteller von seinem Recht Gebrauch machen kann, eine Abholstation in Ihrer Nachbarschaft anzusteuern, um das Paket dort zu hinterlegen. Das gilt insbesondere dann, wenn der erste Zustellversuch erfolglos war. Darauf haben wir leider keinen Einfluss.<\/p>\n<p><b>6.4<\/b> F\u00fcr Sendungen, deren Lieferanschrift au\u00dferhalb des Zollgebiet der europ\u00e4ischen Gemeinschaft liegt, geht das Risiko, dass der von Ihnen gekaufte Gegenstand w\u00e4hrend des Versands zerst\u00f6rt, besch\u00e4digt, beschlagnahmt wird oder verloren geht, auf Sie \u00fcber, sobald er unser Lager verl\u00e4sst, unabh\u00e4ngig davon, ob der Versand versichert ist oder nicht.<\/p>\n<h4>7. Gesetzliches M\u00e4ngelhaftungsrecht<\/h4>\n<p><b>7.1<\/b> Es bestehen die gesetzlichen M\u00e4ngelhaftungsrechte.<\/p>\n<p><b>7.2<\/b> Als Verbraucher werden Sie gebeten, die Ware bei Lieferung umgehend auf Vollst\u00e4ndigkeit, offensichtliche M\u00e4ngel und Transportsch\u00e4den zu \u00fcberpr\u00fcfen und uns sowie dem Spediteur Beanstandungen schnellstm\u00f6glich mitzuteilen. Kommen Sie dem nicht nach, hat dies keine Auswirkung auf Ihre gesetzlichen Gew\u00e4hrleistungsanspr\u00fcche. <\/p>\n<p>Diese AGB und Kundeninformationen wurden von den auf IT-Recht spezialisierten Juristen des H\u00e4ndlerbundes erstellt und werden permanent auf Rechtskonformit\u00e4t gepr\u00fcft. Die H\u00e4ndlerbund Management AG garantiert f\u00fcr die Rechtssicherheit der Texte und haftet im Falle von Abmahnungen. N\u00e4here Informationen dazu finden Sie unter:\u202fhttp:\/\/www.haendlerbund.de\/agb-service. <\/p>\n<p><i>Last update: 2021-03-25<\/i><\/p>\n","protected":false},"excerpt":{"rendered":"<p>Allgemeine Gesch\u00e4ftsbedingungen Allgemeine Gesch\u00e4ftsbedingungen und Kundeninformationen \u00a7 1 Grundlegende Bestimmungen (1) Die nachstehenden Gesch\u00e4ftsbedingungen gelten f\u00fcr alle Vertr\u00e4ge, die Sie mit uns als Anbieter (S\u00e9lection Prestige GmbH) \u00fcber die Internetseite www.brandsforfans.com schlie\u00dfen. Soweit nicht anders vereinbart, wird der Einbeziehung gegebenenfalls von Ihnen verwendeter eigener Bedingungen widersprochen. (2) \u202fVerbraucher im Sinne der nachstehenden Regelungen ist jede [&hellip;]<\/p>\n","protected":false},"author":1,"featured_media":0,"parent":0,"menu_order":0,"comment_status":"closed","ping_status":"closed","template":"","meta":{"_acf_changed":false,"_trash_the_other_posts":false,"footnotes":""},"class_list":["post-902","page","type-page","status-publish","hentry"],"acf":[],"_links":{"self":[{"href":"https:\/\/brandsforfans.com\/de\/wp-json\/wp\/v2\/pages\/902","targetHints":{"allow":["GET"]}}],"collection":[{"href":"https:\/\/brandsforfans.com\/de\/wp-json\/wp\/v2\/pages"}],"about":[{"href":"https:\/\/brandsforfans.com\/de\/wp-json\/wp\/v2\/types\/page"}],"author":[{"embeddable":true,"href":"https:\/\/brandsforfans.com\/de\/wp-json\/wp\/v2\/users\/1"}],"replies":[{"embeddable":true,"href":"https:\/\/brandsforfans.com\/de\/wp-json\/wp\/v2\/comments?post=902"}],"version-history":[{"count":18,"href":"https:\/\/brandsforfans.com\/de\/wp-json\/wp\/v2\/pages\/902\/revisions"}],"predecessor-version":[{"id":1350,"href":"https:\/\/brandsforfans.com\/de\/wp-json\/wp\/v2\/pages\/902\/revisions\/1350"}],"wp:attachment":[{"href":"https:\/\/brandsforfans.com\/de\/wp-json\/wp\/v2\/media?parent=902"}],"curies":[{"name":"wp","href":"https:\/\/api.w.org\/{rel}","templated":true}]}}