{"id":2332,"date":"2021-12-05T15:30:21","date_gmt":"2021-12-05T15:30:21","guid":{"rendered":"https:\/\/brandsforfans.com\/de\/?post_type=product&#038;p=2332"},"modified":"2026-04-17T05:09:29","modified_gmt":"2026-04-17T04:09:29","slug":"kiss-monstrum","status":"publish","type":"product","link":"https:\/\/brandsforfans.com\/de\/produkt\/kiss-monstrum\/","title":{"rendered":"Monstrum"},"content":{"rendered":"<p>Benannt nach dem lateinischen Wort f\u00fcr &#8218;Monster&#8216; gibt es jetzt den KISS Monstrum Ultra Premium Dark Rum, ein au\u00dfergew\u00f6hnlich &#8218;monstr\u00f6ser&#8216; Rum. Der k\u00fchne Neuzugang im Portfolio, der unbedingt probiert werden sollte.<\/p>\n<p>Um die gew\u00fcnschte Qualit\u00e4t dieser begrenzten Kreation zu erhalten, suchte man in Latein-Amerika und in der Karibik. Speziell ausgew\u00e4hlt aus Guyana und Jamaika, wurde dieser Rum 14 Jahre in alten Arrak F\u00e4ssern gelagert, eine sehr spezielle Edition von 800 Litern Eichenf\u00e4ssern.<\/p>\n<p>Einzigartig verschnitten von dem hochdekorierten Brands For Fans Master Blender, ist das Ergebnis Perfektion in h\u00f6chster Qualit\u00e4t: rein, klar und ein leicht gef\u00e4rbter Premium Rum, der weder Zucker noch andere Zusatzstoffe enth\u00e4lt.<\/p>\n","protected":false},"excerpt":{"rendered":"<p>Benannt nach dem lateinischen Wort f\u00fcr &#8218;Monster&#8216; gibt es jetzt den KISS Monstrum Ultra Premium Dark Rum, ein au\u00dfergew\u00f6hnlich &#8218;monstr\u00f6ser&#8216; Rum. Der k\u00fchne Neuzugang im Portfolio, der unbedingt probiert werden sollte. Um die gew\u00fcnschte Qualit\u00e4t dieser begrenzten Kreation zu erhalten, suchte man in Latein-Amerika und in der Karibik. Speziell ausgew\u00e4hlt aus Guyana und Jamaika, wurde [&hellip;]<\/p>\n","protected":false},"featured_media":2334,"comment_status":"open","ping_status":"closed","template":"","meta":{"_acf_changed":false,"_trash_the_other_posts":false},"product_brand":[],"product_cat":[16],"product_tag":[],"class_list":{"0":"post-2332","1":"product","2":"type-product","3":"status-publish","4":"has-post-thumbnail","6":"product_cat-rum","7":"brand-kiss","9":"first","10":"outofstock","11":"sale","12":"taxable","13":"shipping-taxable","14":"purchasable","15":"product-type-simple"},"acf":[],"_links":{"self":[{"href":"https:\/\/brandsforfans.com\/de\/wp-json\/wp\/v2\/product\/2332","targetHints":{"allow":["GET"]}}],"collection":[{"href":"https:\/\/brandsforfans.com\/de\/wp-json\/wp\/v2\/product"}],"about":[{"href":"https:\/\/brandsforfans.com\/de\/wp-json\/wp\/v2\/types\/product"}],"replies":[{"embeddable":true,"href":"https:\/\/brandsforfans.com\/de\/wp-json\/wp\/v2\/comments?post=2332"}],"wp:featuredmedia":[{"embeddable":true,"href":"https:\/\/brandsforfans.com\/de\/wp-json\/wp\/v2\/media\/2334"}],"wp:attachment":[{"href":"https:\/\/brandsforfans.com\/de\/wp-json\/wp\/v2\/media?parent=2332"}],"wp:term":[{"taxonomy":"product_brand","embeddable":true,"href":"https:\/\/brandsforfans.com\/de\/wp-json\/wp\/v2\/product_brand?post=2332"},{"taxonomy":"product_cat","embeddable":true,"href":"https:\/\/brandsforfans.com\/de\/wp-json\/wp\/v2\/product_cat?post=2332"},{"taxonomy":"product_tag","embeddable":true,"href":"https:\/\/brandsforfans.com\/de\/wp-json\/wp\/v2\/product_tag?post=2332"}],"curies":[{"name":"wp","href":"https:\/\/api.w.org\/{rel}","templated":true}]}}