{"id":2872,"date":"2022-05-30T10:04:38","date_gmt":"2022-05-30T10:04:38","guid":{"rendered":"https:\/\/brandsforfans.com\/de\/?post_type=product&#038;p=2872"},"modified":"2026-05-04T18:30:42","modified_gmt":"2026-05-04T17:30:42","slug":"animal","status":"publish","type":"product","link":"https:\/\/brandsforfans.com\/de\/produkt\/animal\/","title":{"rendered":"Animal"},"content":{"rendered":"<p><strong>Def Leppard<\/strong> <strong>\u2018Animal\u2019<\/strong> ist ein klassischer London Dry Gin mit intensivem Geschmack. Das auf Getreide basierende Destillat ist wunderbar angereichert mit Wacholder, Zitrone und Kr\u00e4utern.<\/p>\n<p>Es ist w\u00fcrzig, kraftvoll, gro\u00dfartig im Geschmack und hat alles, was man vom Charakter eines\u00a0 klassischen London Dry Gin erwartet. Das Design des Labels ist inspiriert von der Hitsingle \u00a0\u201cAnimal\u201d von dem <em>Hysteria<\/em> Album<\/p>\n","protected":false},"excerpt":{"rendered":"<p>Def Leppard \u2018Animal\u2019 ist ein klassischer London Dry Gin mit intensivem Geschmack. Das auf Getreide basierende Destillat ist wunderbar angereichert mit Wacholder, Zitrone und Kr\u00e4utern. Es ist w\u00fcrzig, kraftvoll, gro\u00dfartig im Geschmack und hat alles, was man vom Charakter eines\u00a0 klassischen London Dry Gin erwartet. Das Design des Labels ist inspiriert von der Hitsingle \u00a0\u201cAnimal\u201d [&hellip;]<\/p>\n","protected":false},"featured_media":2874,"comment_status":"open","ping_status":"closed","template":"","meta":{"_acf_changed":false,"_trash_the_other_posts":false},"product_brand":[],"product_cat":[46],"product_tag":[],"class_list":{"0":"post-2872","1":"product","2":"type-product","3":"status-publish","4":"has-post-thumbnail","6":"product_cat-gin","7":"brand-def-leppard","9":"first","10":"instock","11":"taxable","12":"shipping-taxable","13":"purchasable","14":"product-type-simple"},"acf":[],"_links":{"self":[{"href":"https:\/\/brandsforfans.com\/de\/wp-json\/wp\/v2\/product\/2872","targetHints":{"allow":["GET"]}}],"collection":[{"href":"https:\/\/brandsforfans.com\/de\/wp-json\/wp\/v2\/product"}],"about":[{"href":"https:\/\/brandsforfans.com\/de\/wp-json\/wp\/v2\/types\/product"}],"replies":[{"embeddable":true,"href":"https:\/\/brandsforfans.com\/de\/wp-json\/wp\/v2\/comments?post=2872"}],"wp:featuredmedia":[{"embeddable":true,"href":"https:\/\/brandsforfans.com\/de\/wp-json\/wp\/v2\/media\/2874"}],"wp:attachment":[{"href":"https:\/\/brandsforfans.com\/de\/wp-json\/wp\/v2\/media?parent=2872"}],"wp:term":[{"taxonomy":"product_brand","embeddable":true,"href":"https:\/\/brandsforfans.com\/de\/wp-json\/wp\/v2\/product_brand?post=2872"},{"taxonomy":"product_cat","embeddable":true,"href":"https:\/\/brandsforfans.com\/de\/wp-json\/wp\/v2\/product_cat?post=2872"},{"taxonomy":"product_tag","embeddable":true,"href":"https:\/\/brandsforfans.com\/de\/wp-json\/wp\/v2\/product_tag?post=2872"}],"curies":[{"name":"wp","href":"https:\/\/api.w.org\/{rel}","templated":true}]}}