{"id":3402,"date":"2022-12-04T08:19:18","date_gmt":"2022-12-04T08:19:18","guid":{"rendered":"https:\/\/brandsforfans.com\/de\/?post_type=product&#038;p=3402"},"modified":"2026-04-17T03:19:33","modified_gmt":"2026-04-17T02:19:33","slug":"helloween-seven-keys-pumpkin-spiced-gin","status":"publish","type":"product","link":"https:\/\/brandsforfans.com\/de\/produkt\/helloween-seven-keys-pumpkin-spiced-gin\/","title":{"rendered":"Seven Keys Pumpkin Spiced Gin"},"content":{"rendered":"<p>Seven Keys Pumpkin Spiced Gin \u2013 Das ultimative Getr\u00e4nk f\u00fcr alle Pumpkinheads! Ein mit K\u00fcrbisgeschmack verfeinerter, w\u00fcrziger Gin mit reichhaltigem, aber weichem Geschmack. Wacholder steht im Vordergrund, gefolgt von Gew\u00fcrzen wie Zimt und Muskatnuss und endet in einem subtilen K\u00fcrbisgeschmack.<\/p>\n<p>&#8222;Ich selbst liebe Gin und die Zusammenarbeit mit Brands For Fans war nicht nur etwas Neues, sondern auch sehr aufregend. Wir hatten die M\u00f6glichkeit, unseren eigenen Gin zu entwickeln und das Resultat ist mein neues Lieblingsgetr\u00e4nk geworden! Und noch sch\u00f6ner ist die Tatsache, dass wir dieses au\u00dfergew\u00f6hnliche, mit einer K\u00fcrbisnote veredelte Geschmackserlebnis, mit unseren Fans teilen k\u00f6nnen!\u201c, kommentiert Andi Deris.<\/p>\n","protected":false},"excerpt":{"rendered":"<p>Seven Keys Pumpkin Spiced Gin \u2013 Das ultimative Getr\u00e4nk f\u00fcr alle Pumpkinheads! Ein mit K\u00fcrbisgeschmack verfeinerter, w\u00fcrziger Gin mit reichhaltigem, aber weichem Geschmack. Wacholder steht im Vordergrund, gefolgt von Gew\u00fcrzen wie Zimt und Muskatnuss und endet in einem subtilen K\u00fcrbisgeschmack. &#8222;Ich selbst liebe Gin und die Zusammenarbeit mit Brands For Fans war nicht nur etwas [&hellip;]<\/p>\n","protected":false},"featured_media":3404,"comment_status":"open","ping_status":"closed","template":"","meta":{"_acf_changed":false,"_trash_the_other_posts":false},"product_brand":[],"product_cat":[46],"product_tag":[],"class_list":{"0":"post-3402","1":"product","2":"type-product","3":"status-publish","4":"has-post-thumbnail","6":"product_cat-gin","7":"brand-helloween","9":"first","10":"outofstock","11":"sale","12":"taxable","13":"shipping-taxable","14":"purchasable","15":"product-type-simple"},"acf":[],"_links":{"self":[{"href":"https:\/\/brandsforfans.com\/de\/wp-json\/wp\/v2\/product\/3402","targetHints":{"allow":["GET"]}}],"collection":[{"href":"https:\/\/brandsforfans.com\/de\/wp-json\/wp\/v2\/product"}],"about":[{"href":"https:\/\/brandsforfans.com\/de\/wp-json\/wp\/v2\/types\/product"}],"replies":[{"embeddable":true,"href":"https:\/\/brandsforfans.com\/de\/wp-json\/wp\/v2\/comments?post=3402"}],"wp:featuredmedia":[{"embeddable":true,"href":"https:\/\/brandsforfans.com\/de\/wp-json\/wp\/v2\/media\/3404"}],"wp:attachment":[{"href":"https:\/\/brandsforfans.com\/de\/wp-json\/wp\/v2\/media?parent=3402"}],"wp:term":[{"taxonomy":"product_brand","embeddable":true,"href":"https:\/\/brandsforfans.com\/de\/wp-json\/wp\/v2\/product_brand?post=3402"},{"taxonomy":"product_cat","embeddable":true,"href":"https:\/\/brandsforfans.com\/de\/wp-json\/wp\/v2\/product_cat?post=3402"},{"taxonomy":"product_tag","embeddable":true,"href":"https:\/\/brandsforfans.com\/de\/wp-json\/wp\/v2\/product_tag?post=3402"}],"curies":[{"name":"wp","href":"https:\/\/api.w.org\/{rel}","templated":true}]}}