{"id":4879,"date":"2023-11-16T01:58:17","date_gmt":"2023-11-16T01:58:17","guid":{"rendered":"https:\/\/brandsforfans.com\/de\/?post_type=product&#038;p=4879"},"modified":"2026-05-04T18:02:07","modified_gmt":"2026-05-04T17:02:07","slug":"skid-row-spirits-midnight-vodka","status":"publish","type":"product","link":"https:\/\/brandsforfans.com\/de\/produkt\/skid-row-spirits-midnight-vodka\/","title":{"rendered":"Midnight Vodka"},"content":{"rendered":"<p>Skid Row Midnight Vodka ist ein sanfter und doch kantiger Wodka, der die Essenz der berauschenden Live-Auftritte und des kompromisslosen Stils der Band einf\u00e4ngt.<\/p>\n<p>Jeder Schluck liefert knackige und klare T\u00f6ne von Getreide und ger\u00f6stetem Brot mit einem runden, trockenen und kr\u00e4ftigen Abgang. Wenn es Mitternacht schl\u00e4gt, greif zu Skid Row Midnight Vodka.<\/p>\n<p>Wohnen Sie in den USA oder Kanada? <a href=\"#newsletter-signup\">Melden Sie sich f\u00fcr unseren Newsletter<\/a> an und erhalten Sie aktuelle Informationen zur Einf\u00fchrung von 2024!<\/p>\n","protected":false},"excerpt":{"rendered":"<p>Skid Row Midnight Vodka ist ein sanfter und doch kantiger Wodka, der die Essenz der berauschenden Live-Auftritte und des kompromisslosen Stils der Band einf\u00e4ngt. Jeder Schluck liefert knackige und klare T\u00f6ne von Getreide und ger\u00f6stetem Brot mit einem runden, trockenen und kr\u00e4ftigen Abgang. Wenn es Mitternacht schl\u00e4gt, greif zu Skid Row Midnight Vodka. Wohnen Sie [&hellip;]<\/p>\n","protected":false},"featured_media":4881,"comment_status":"open","ping_status":"closed","template":"","meta":{"_acf_changed":false,"_trash_the_other_posts":false},"product_brand":[],"product_cat":[44],"product_tag":[],"class_list":{"0":"post-4879","1":"product","2":"type-product","3":"status-publish","4":"has-post-thumbnail","6":"product_cat-vodka","7":"brand-skid-row-spirits","9":"first","10":"instock","11":"sale","12":"taxable","13":"shipping-taxable","14":"purchasable","15":"product-type-simple"},"acf":[],"_links":{"self":[{"href":"https:\/\/brandsforfans.com\/de\/wp-json\/wp\/v2\/product\/4879","targetHints":{"allow":["GET"]}}],"collection":[{"href":"https:\/\/brandsforfans.com\/de\/wp-json\/wp\/v2\/product"}],"about":[{"href":"https:\/\/brandsforfans.com\/de\/wp-json\/wp\/v2\/types\/product"}],"replies":[{"embeddable":true,"href":"https:\/\/brandsforfans.com\/de\/wp-json\/wp\/v2\/comments?post=4879"}],"wp:featuredmedia":[{"embeddable":true,"href":"https:\/\/brandsforfans.com\/de\/wp-json\/wp\/v2\/media\/4881"}],"wp:attachment":[{"href":"https:\/\/brandsforfans.com\/de\/wp-json\/wp\/v2\/media?parent=4879"}],"wp:term":[{"taxonomy":"product_brand","embeddable":true,"href":"https:\/\/brandsforfans.com\/de\/wp-json\/wp\/v2\/product_brand?post=4879"},{"taxonomy":"product_cat","embeddable":true,"href":"https:\/\/brandsforfans.com\/de\/wp-json\/wp\/v2\/product_cat?post=4879"},{"taxonomy":"product_tag","embeddable":true,"href":"https:\/\/brandsforfans.com\/de\/wp-json\/wp\/v2\/product_tag?post=4879"}],"curies":[{"name":"wp","href":"https:\/\/api.w.org\/{rel}","templated":true}]}}