{"id":4884,"date":"2023-11-16T01:58:19","date_gmt":"2023-11-16T01:58:19","guid":{"rendered":"https:\/\/brandsforfans.com\/de\/?post_type=product&#038;p=4884"},"modified":"2026-05-04T16:50:42","modified_gmt":"2026-05-04T15:50:42","slug":"skid-row-spirits-18-and-life-ultra-premium-rum","status":"publish","type":"product","link":"https:\/\/brandsforfans.com\/de\/produkt\/skid-row-spirits-18-and-life-ultra-premium-rum\/","title":{"rendered":"18 and Life Ultra Premium Rum"},"content":{"rendered":"<p>Skid Row 18 and Life Ultra Premium Rum ist ein einzigartiger und fesselnder 18-j\u00e4hriger Rum, der die Kunst der Rumdestillation aus Guyana mit europ\u00e4ischen Reifungsmethoden verbindet. Nach der Lagerung in Guyana in amerikanischen Eichenf\u00e4ssern, reifte der Rum in Teakholzf\u00e4ssern in Europa.<\/p>\n<p>Skid Row 18 and Life Rum ist k\u00fchn und steht mit 45 % ABV immer im Mittelpunkt. Er verbindet Tradition mit Moderne und bietet tiefe Nougatnoten mit einem Hauch von ger\u00f6steter Kokosnuss und Vanilleschoten und einem samtigen Schokoladenabgang.<\/p>\n<p>Wohnen Sie in den USA oder Kanada? <a href=\"#newsletter-signup\">Melden Sie sich f\u00fcr unseren Newsletter<\/a> an und erhalten Sie aktuelle Informationen zur Einf\u00fchrung von 2024!<\/p>\n","protected":false},"excerpt":{"rendered":"<p>Skid Row 18 and Life Ultra Premium Rum ist ein einzigartiger und fesselnder 18-j\u00e4hriger Rum, der die Kunst der Rumdestillation aus Guyana mit europ\u00e4ischen Reifungsmethoden verbindet. Nach der Lagerung in Guyana in amerikanischen Eichenf\u00e4ssern, reifte der Rum in Teakholzf\u00e4ssern in Europa. Skid Row 18 and Life Rum ist k\u00fchn und steht mit 45 % ABV [&hellip;]<\/p>\n","protected":false},"featured_media":4886,"comment_status":"open","ping_status":"closed","template":"","meta":{"_acf_changed":false,"_trash_the_other_posts":false},"product_brand":[],"product_cat":[16],"product_tag":[],"class_list":{"0":"post-4884","1":"product","2":"type-product","3":"status-publish","4":"has-post-thumbnail","6":"product_cat-rum","7":"brand-skid-row-spirits","9":"first","10":"instock","11":"sale","12":"taxable","13":"shipping-taxable","14":"purchasable","15":"product-type-simple"},"acf":[],"_links":{"self":[{"href":"https:\/\/brandsforfans.com\/de\/wp-json\/wp\/v2\/product\/4884","targetHints":{"allow":["GET"]}}],"collection":[{"href":"https:\/\/brandsforfans.com\/de\/wp-json\/wp\/v2\/product"}],"about":[{"href":"https:\/\/brandsforfans.com\/de\/wp-json\/wp\/v2\/types\/product"}],"replies":[{"embeddable":true,"href":"https:\/\/brandsforfans.com\/de\/wp-json\/wp\/v2\/comments?post=4884"}],"wp:featuredmedia":[{"embeddable":true,"href":"https:\/\/brandsforfans.com\/de\/wp-json\/wp\/v2\/media\/4886"}],"wp:attachment":[{"href":"https:\/\/brandsforfans.com\/de\/wp-json\/wp\/v2\/media?parent=4884"}],"wp:term":[{"taxonomy":"product_brand","embeddable":true,"href":"https:\/\/brandsforfans.com\/de\/wp-json\/wp\/v2\/product_brand?post=4884"},{"taxonomy":"product_cat","embeddable":true,"href":"https:\/\/brandsforfans.com\/de\/wp-json\/wp\/v2\/product_cat?post=4884"},{"taxonomy":"product_tag","embeddable":true,"href":"https:\/\/brandsforfans.com\/de\/wp-json\/wp\/v2\/product_tag?post=4884"}],"curies":[{"name":"wp","href":"https:\/\/api.w.org\/{rel}","templated":true}]}}