{"id":772,"date":"2020-10-20T11:19:03","date_gmt":"2020-10-20T11:19:03","guid":{"rendered":"https:\/\/brandsforfans.com\/en\/product\/black-diamond-premium-dark-rum\/"},"modified":"2026-05-02T05:09:28","modified_gmt":"2026-05-02T04:09:28","slug":"kiss-black-diamond-premium-dark-rum","status":"publish","type":"product","link":"https:\/\/brandsforfans.com\/de\/produkt\/kiss-black-diamond-premium-dark-rum\/","title":{"rendered":"Black Diamond Premium Dark Rum"},"content":{"rendered":"<p>Name und Charakter kommen vom Rock Monolith und dem letztem Song des Debutalbums, welches 1974 ver\u00f6ffentlicht wurde. KISS Black Diamond Premium Dark Rum ist ein au\u00dfergew\u00f6hnlich milder Blend verschiedener karibischer Sorten, die 15 Jahre in F\u00e4sser gelagert wurden, abgef\u00fcllt mit 40%<\/p>\n","protected":false},"excerpt":{"rendered":"<p>Name und Charakter kommen vom Rock Monolith und dem letztem Song des Debutalbums, welches 1974 ver\u00f6ffentlicht wurde. KISS Black Diamond Premium Dark Rum ist ein au\u00dfergew\u00f6hnlich milder Blend verschiedener karibischer Sorten, die 15 Jahre in F\u00e4sser gelagert wurden, abgef\u00fcllt mit 40%<\/p>\n","protected":false},"featured_media":961,"comment_status":"open","ping_status":"closed","template":"","meta":{"_acf_changed":false,"_trash_the_other_posts":false},"product_brand":[],"product_cat":[16],"product_tag":[],"class_list":{"0":"post-772","1":"product","2":"type-product","3":"status-publish","4":"has-post-thumbnail","6":"product_cat-rum","7":"brand-kiss","9":"first","10":"instock","11":"sale","12":"taxable","13":"shipping-taxable","14":"purchasable","15":"product-type-simple"},"acf":[],"_links":{"self":[{"href":"https:\/\/brandsforfans.com\/de\/wp-json\/wp\/v2\/product\/772","targetHints":{"allow":["GET"]}}],"collection":[{"href":"https:\/\/brandsforfans.com\/de\/wp-json\/wp\/v2\/product"}],"about":[{"href":"https:\/\/brandsforfans.com\/de\/wp-json\/wp\/v2\/types\/product"}],"replies":[{"embeddable":true,"href":"https:\/\/brandsforfans.com\/de\/wp-json\/wp\/v2\/comments?post=772"}],"wp:featuredmedia":[{"embeddable":true,"href":"https:\/\/brandsforfans.com\/de\/wp-json\/wp\/v2\/media\/961"}],"wp:attachment":[{"href":"https:\/\/brandsforfans.com\/de\/wp-json\/wp\/v2\/media?parent=772"}],"wp:term":[{"taxonomy":"product_brand","embeddable":true,"href":"https:\/\/brandsforfans.com\/de\/wp-json\/wp\/v2\/product_brand?post=772"},{"taxonomy":"product_cat","embeddable":true,"href":"https:\/\/brandsforfans.com\/de\/wp-json\/wp\/v2\/product_cat?post=772"},{"taxonomy":"product_tag","embeddable":true,"href":"https:\/\/brandsforfans.com\/de\/wp-json\/wp\/v2\/product_tag?post=772"}],"curies":[{"name":"wp","href":"https:\/\/api.w.org\/{rel}","templated":true}]}}