{"id":773,"date":"2020-11-17T11:19:03","date_gmt":"2020-11-17T11:19:03","guid":{"rendered":"https:\/\/brandsforfans.com\/en\/product\/detroit-rock-rum\/"},"modified":"2026-04-30T08:09:37","modified_gmt":"2026-04-30T07:09:37","slug":"kiss-detroit-rock-rum","status":"publish","type":"product","link":"https:\/\/brandsforfans.com\/de\/produkt\/kiss-detroit-rock-rum\/","title":{"rendered":"Detroit Rock Rum"},"content":{"rendered":"<p>Der von den Fans favorisierte Song \u2018Detroit Rock City\u2019 war der Namensgeber<br \/>\ndieses unglaublichen sanften Rums. Basierend auf der Auswahl feinster dominikanischer Rume, in F\u00e4ssern zwischen 8 und 15 Jahren gelagert, zeichnet sich dieser Rum durch eine au\u00dfergew\u00f6hnlich hohe Qualit\u00e4t aus.<\/p>\n<p>Abgef\u00fcllt mit starken 45%, KISS Detroit Rock Rum ist unglaublich weich mit kleinen w\u00fcrzigen Nuancen und einem klaren Eichencharakter<\/p>\n","protected":false},"excerpt":{"rendered":"<p>Der von den Fans favorisierte Song \u2018Detroit Rock City\u2019 war der Namensgeber dieses unglaublichen sanften Rums. Basierend auf der Auswahl feinster dominikanischer Rume, in F\u00e4ssern zwischen 8 und 15 Jahren gelagert, zeichnet sich dieser Rum durch eine au\u00dfergew\u00f6hnlich hohe Qualit\u00e4t aus. Abgef\u00fcllt mit starken 45%, KISS Detroit Rock Rum ist unglaublich weich mit kleinen w\u00fcrzigen [&hellip;]<\/p>\n","protected":false},"featured_media":949,"comment_status":"open","ping_status":"closed","template":"","meta":{"_acf_changed":false,"_trash_the_other_posts":false},"product_brand":[],"product_cat":[16],"product_tag":[],"class_list":{"0":"post-773","1":"product","2":"type-product","3":"status-publish","4":"has-post-thumbnail","6":"product_cat-rum","7":"brand-kiss","9":"first","10":"instock","11":"sale","12":"taxable","13":"shipping-taxable","14":"purchasable","15":"product-type-simple"},"acf":[],"_links":{"self":[{"href":"https:\/\/brandsforfans.com\/de\/wp-json\/wp\/v2\/product\/773","targetHints":{"allow":["GET"]}}],"collection":[{"href":"https:\/\/brandsforfans.com\/de\/wp-json\/wp\/v2\/product"}],"about":[{"href":"https:\/\/brandsforfans.com\/de\/wp-json\/wp\/v2\/types\/product"}],"replies":[{"embeddable":true,"href":"https:\/\/brandsforfans.com\/de\/wp-json\/wp\/v2\/comments?post=773"}],"wp:featuredmedia":[{"embeddable":true,"href":"https:\/\/brandsforfans.com\/de\/wp-json\/wp\/v2\/media\/949"}],"wp:attachment":[{"href":"https:\/\/brandsforfans.com\/de\/wp-json\/wp\/v2\/media?parent=773"}],"wp:term":[{"taxonomy":"product_brand","embeddable":true,"href":"https:\/\/brandsforfans.com\/de\/wp-json\/wp\/v2\/product_brand?post=773"},{"taxonomy":"product_cat","embeddable":true,"href":"https:\/\/brandsforfans.com\/de\/wp-json\/wp\/v2\/product_cat?post=773"},{"taxonomy":"product_tag","embeddable":true,"href":"https:\/\/brandsforfans.com\/de\/wp-json\/wp\/v2\/product_tag?post=773"}],"curies":[{"name":"wp","href":"https:\/\/api.w.org\/{rel}","templated":true}]}}