{"id":1268,"date":"2021-03-25T12:43:22","date_gmt":"2021-03-25T12:43:22","guid":{"rendered":"https:\/\/brandsforfans.com\/en\/?page_id=1268"},"modified":"2021-06-14T11:44:01","modified_gmt":"2021-06-14T11:44:01","slug":"annulation-des-commandes","status":"publish","type":"page","link":"https:\/\/brandsforfans.com\/fr\/annulation-des-commandes\/","title":{"rendered":"Annulation des commandes"},"content":{"rendered":"<h1>Annulation des commandes<\/h1>\n<h4>Droit de r\u00e9tractation<\/h4>\n<p>Vous avez le droit de vous r\u00e9tracter de votre commande sans donner de motif dans un d\u00e9lai de 14 jours \u00e0 compter de la date \u00e0 laquelle vous ou un tiers d\u00e9sign\u00e9 par vous (autre que le transporteur), avez ou a pris physiquement possession des bien achet\u00e9s.<\/p>\n<p>Afin d\u2019exercer votre droit de r\u00e9tractation, veuillez nous soumettre votre demande explicite d\u2019annulation du contrat de vente par courrier:<br \/>\nS\u00e9lection Prestige GmbH<br \/>\nPariser Str. 3<br \/>\n10719 Berlin, Germany<\/p>\n<p>Tel: +49 30-60404050<br \/>\nFax: +49 30-604040511<br \/>\nou par Email: <a href=\"mailto:info@selection-prestige.de\">info@selection-prestige.de<\/a><\/p>\n<h5>Annulation formulaire<\/h5>\n<p>our respecter la date limite de r\u00e9tractation, il vous suffit d&rsquo;envoyer votre demande de r\u00e9tractation avant que le d\u00e9lai de 14 jours n&rsquo;expire. Pour ce faire, vous pouvez aussi utiliser le formulaire suivant\u00a0<a href=\"https:\/\/www.urban-drinks.co.uk\/media\/cancellation_form.pdf\" target=\"_blank\" rel=\"noopener\">Annulation formulaire<\/a>.<\/p>\n<h4>Effets de la r\u00e9tractation<\/h4>\n<p>Une fois votre commande annul\u00e9e, nous devons vous rembourser tous les paiements que nous avons re\u00e7us de votre part, y compris les frais de livraison standards (c&rsquo;est-\u00e0-dire, les frais de livraison internationale standards correspondant \u00e0 la livraison la moins on\u00e9reuse que nous proposons) au plus tard 14 jours \u00e0 compter de la r\u00e9ception de votre demande de r\u00e9tractation. Nous utiliserons le m\u00eame moyen de paiement que celui que vous avez utilis\u00e9 lors de votre commande initiale, sauf si vous convenez express\u00e9ment d&rsquo;un moyen diff\u00e9rent. En tout \u00e9tat de cause, ce remboursement n&rsquo;occasionnera pas de frais suppl\u00e9mentaires pour vous.<\/p>\n<p>Nous pouvons diff\u00e9rer le remboursement jusqu&rsquo;\u00e0 ce que nous ayons re\u00e7u le(s) produit(s) ou jusqu&rsquo;\u00e0 ce que vous avez fourni une preuve d&rsquo;exp\u00e9dition du (des) produit(s), la date retenue \u00e9tant celle du premier de ces faits. Si le remboursement intervient apr\u00e8s la date limite mentionn\u00e9e ci-dessus, le montant qui vous est d\u00fb sera augment\u00e9 de plein droit. Veuillez noter que vous devez nous renvoyer le(s) produit(s) \u00e0 l\u2019addresse de notre entrep\u00f4t comme suit: S\u00e9lection Prestige, Wackenbergstr. 78-82, 13156 Berlin, ALLEMAGNE, au plus tard 14 jours \u00e0 compter de la date \u00e0 laquelle vous nous avez notifi\u00e9 votre d\u00e9cision de r\u00e9tractation. Les frais directs de renvoi de la marchandise sont \u00e0 votre charge et vous serez tenu responsable de la d\u00e9pr\u00e9ciation de la valeur du(s) produit(s) r\u00e9sultant de manipulations autres que celles n\u00e9cessaires pour \u00e9tablir la nature, les caract\u00e9ristiques et le bon fonctionnement de ce(s) produit(s).<\/p>\n<p>Le remboursement des frais de retour ne sera malheureusement pas pris en charge par Urban Drinks \/ S\u00e9lection Prestige GmbH. Si votre paiement a \u00e9t\u00e9 effectu\u00e9 via Paypal, vous pouvez n\u00e9anmoins obtenir un remboursement de vos frais de retour en consultant le\u202flien suivant.<\/p>\n<p>Pour vos retours, veuillez dans tous les cas utiliser l&rsquo;adresse suivrante:<\/p>\n<p>S\u00e9lection Prestige<\/p>\n<p>Wackenbergstra\u00dfe 78-82 13156 Berlin Allemagne<\/p>\n","protected":false},"excerpt":{"rendered":"<p>Annulation des commandes Droit de r\u00e9tractation Vous avez le droit de vous r\u00e9tracter de votre commande sans donner de motif dans un d\u00e9lai de 14 jours \u00e0 compter de la date \u00e0 laquelle vous ou un tiers d\u00e9sign\u00e9 par vous (autre que le transporteur), avez ou a pris physiquement possession des bien achet\u00e9s. Afin d\u2019exercer [&hellip;]<\/p>\n","protected":false},"author":1,"featured_media":0,"parent":0,"menu_order":0,"comment_status":"closed","ping_status":"closed","template":"","meta":{"_acf_changed":false,"_trash_the_other_posts":false,"footnotes":""},"class_list":["post-1268","page","type-page","status-publish","hentry"],"acf":[],"_links":{"self":[{"href":"https:\/\/brandsforfans.com\/fr\/wp-json\/wp\/v2\/pages\/1268","targetHints":{"allow":["GET"]}}],"collection":[{"href":"https:\/\/brandsforfans.com\/fr\/wp-json\/wp\/v2\/pages"}],"about":[{"href":"https:\/\/brandsforfans.com\/fr\/wp-json\/wp\/v2\/types\/page"}],"author":[{"embeddable":true,"href":"https:\/\/brandsforfans.com\/fr\/wp-json\/wp\/v2\/users\/1"}],"replies":[{"embeddable":true,"href":"https:\/\/brandsforfans.com\/fr\/wp-json\/wp\/v2\/comments?post=1268"}],"version-history":[{"count":7,"href":"https:\/\/brandsforfans.com\/fr\/wp-json\/wp\/v2\/pages\/1268\/revisions"}],"predecessor-version":[{"id":1508,"href":"https:\/\/brandsforfans.com\/fr\/wp-json\/wp\/v2\/pages\/1268\/revisions\/1508"}],"wp:attachment":[{"href":"https:\/\/brandsforfans.com\/fr\/wp-json\/wp\/v2\/media?parent=1268"}],"curies":[{"name":"wp","href":"https:\/\/api.w.org\/{rel}","templated":true}]}}