{"id":1273,"date":"2021-03-25T12:47:28","date_gmt":"2021-03-25T12:47:28","guid":{"rendered":"https:\/\/brandsforfans.com\/en\/?page_id=1273"},"modified":"2021-04-16T11:43:32","modified_gmt":"2021-04-16T11:43:32","slug":"livraison","status":"publish","type":"page","link":"https:\/\/brandsforfans.com\/fr\/livraison\/","title":{"rendered":"Livraison"},"content":{"rendered":"<h1>Livraison<\/h1>\n<p>Les frais d&rsquo;exp\u00e9dition indiqu\u00e9s ci-dessous sont des prix indicatifs uniquement et peuvent varier l\u00e9g\u00e8rement \u00e0 la caisse.<\/p>\n<p>Afin de vous assurer une livraison en toute s\u00e9curit\u00e9, nous me travaillons qu&rsquo;avec nos entreprises partenaires DHL ou UPS.<br \/>\nLes d\u00e9lais de livraison habituels s&rsquo;\u00e9l\u00e8vent entre 3 et 7 jours ouvrables apr\u00e8s la r\u00e9ception de votre paiement. Pour une livraison plus rapide, nous vous recommandons le paiement par carte de cr\u00e9dit.<\/p>\n<p>Pour des raisons d&rsquo;organisation, Selection Prestige GmbH doit quelquefois changer de partenaire de transport sans en informer le client au pr\u00e9alable. En effet, nous ne pouvons pas toujours garantir la livraison par UPS telle que s\u00e9lectionn\u00e9e par le client. Toutefois, le client n&rsquo;aura \u00e0 payer que les frais correspondant au mode de livraison s\u00e9lectionn\u00e9.<\/p>\n","protected":false},"excerpt":{"rendered":"<p>Livraison Les frais d&rsquo;exp\u00e9dition indiqu\u00e9s ci-dessous sont des prix indicatifs uniquement et peuvent varier l\u00e9g\u00e8rement \u00e0 la caisse. Afin de vous assurer une livraison en toute s\u00e9curit\u00e9, nous me travaillons qu&rsquo;avec nos entreprises partenaires DHL ou UPS. Les d\u00e9lais de livraison habituels s&rsquo;\u00e9l\u00e8vent entre 3 et 7 jours ouvrables apr\u00e8s la r\u00e9ception de votre paiement. [&hellip;]<\/p>\n","protected":false},"author":1,"featured_media":0,"parent":0,"menu_order":0,"comment_status":"closed","ping_status":"closed","template":"","meta":{"_acf_changed":false,"_trash_the_other_posts":false,"footnotes":""},"class_list":["post-1273","page","type-page","status-publish","hentry"],"acf":[],"_links":{"self":[{"href":"https:\/\/brandsforfans.com\/fr\/wp-json\/wp\/v2\/pages\/1273","targetHints":{"allow":["GET"]}}],"collection":[{"href":"https:\/\/brandsforfans.com\/fr\/wp-json\/wp\/v2\/pages"}],"about":[{"href":"https:\/\/brandsforfans.com\/fr\/wp-json\/wp\/v2\/types\/page"}],"author":[{"embeddable":true,"href":"https:\/\/brandsforfans.com\/fr\/wp-json\/wp\/v2\/users\/1"}],"replies":[{"embeddable":true,"href":"https:\/\/brandsforfans.com\/fr\/wp-json\/wp\/v2\/comments?post=1273"}],"version-history":[{"count":6,"href":"https:\/\/brandsforfans.com\/fr\/wp-json\/wp\/v2\/pages\/1273\/revisions"}],"predecessor-version":[{"id":1406,"href":"https:\/\/brandsforfans.com\/fr\/wp-json\/wp\/v2\/pages\/1273\/revisions\/1406"}],"wp:attachment":[{"href":"https:\/\/brandsforfans.com\/fr\/wp-json\/wp\/v2\/media?parent=1273"}],"curies":[{"name":"wp","href":"https:\/\/api.w.org\/{rel}","templated":true}]}}