{"id":1348,"date":"2021-03-29T08:48:22","date_gmt":"2021-03-29T08:48:22","guid":{"rendered":"https:\/\/brandsforfans.com\/fr\/?page_id=1348"},"modified":"2021-03-29T08:48:22","modified_gmt":"2021-03-29T08:48:22","slug":"mentions-legales","status":"publish","type":"page","link":"https:\/\/brandsforfans.com\/fr\/mentions-legales\/","title":{"rendered":"Mentions l\u00e9gales"},"content":{"rendered":"<h1>Mentions l\u00e9gales<\/h1>\n<p>S\u00e9lection Prestige GmbH<br \/>\nPariser Str. 3<br \/>\n10719 Berlin<\/p>\n<p>Tel: \u202f030-6040405-0 (de l&rsquo;\u00e9tranger: +49-30-6040405-0)<br \/>\nFax\u202f: 030-6040405-11 (de l&rsquo;\u00e9tranger: +49-30-6040405-11)<br \/>\nAdresse e-mail: <a href=\"mailto:info@selection-prestige.de\">info@selection-prestige.de<\/a><\/p>\n<p>G\u00e9rant autoris\u00e9 \u00e0 repr\u00e9senter la soci\u00e9t\u00e9 :<br \/>\nStefan Fabinger<br \/>\nCour de registre: Amtsgericht Charlottenburg<br \/>\nNum\u00e9ro de registre: HRB 124815 B<br \/>\nNum\u00e9ro d&rsquo;identification de la taxe sur le chiffre d&rsquo;affaires conform\u00e9ment au \u00a7 27 a de l&rsquo;UStG: DE 270449592<\/p>\n<h4>Mode\u00a0alternatif\u00a0de\u00a0r\u00e8glement\u00a0des\u00a0conflits:<\/h4>\n<p>La Commission\u00a0europ\u00e9enne\u00a0fournit\u00a0une\u00a0plateforme\u00a0pour la\u00a0r\u00e9solution\u00a0extrajudiciaire\u00a0des\u00a0litiges\u00a0qui\u00a0est\u00a0accessible sur le site\u202f<a href=\"http:\/\/ec.europa.eu\/odr\">http:\/\/ec.europa.eu\/odr<\/a>.<\/p>\n<p>Nous\u00a0sommes\u00a0dispos\u00e9s\u00a0\u00e0 prendre part \u00e0 des\u00a0proc\u00e9dures\u00a0de\u00a0r\u00e8glement\u00a0des\u00a0litiges\u00a0devant\u00a0des\u00a0organismes\u00a0de\u00a0m\u00e9diation\u00a0pour le\u00a0consommateur.<\/p>\n<h4>Responsabilit\u00e9\u00a0concernant\u00a0le\u00a0contenu<\/h4>\n<p>Nous\u00a0nous\u00a0effor\u00e7ons\u00a0de\u00a0maintenir\u00a0\u00e0 jour les\u00a0informations\u00a0contenues\u00a0sur\u00a0notre\u00a0site web\u00a0mais\u00a0d\u00e9clinons\u00a0toute\u00a0responsabilit\u00e9\u00a0quelle\u00a0qu\u2019elle\u00a0soit\u00a0pour le\u00a0contenu\u00a0publi\u00e9.\u00a0Conform\u00e9ment\u00a0au \u00a7 7,\u00a0alin\u00e9a\u00a01 du TMG (loi\u00a0allemande sur les\u00a0contenus\u00a0Internet), la\u00a0loi\u00a0limite\u00a0notre\u00a0responsabilit\u00e9\u00a0en\u00a0tant\u00a0que\u00a0fournisseur\u00a0de service \u00e0\u00a0notre\u00a0propre\u00a0contenu\u00a0sur\u00a0ces\u00a0pages web. Au\u00a0titre\u00a0des \u00a7\u00a7 8 \u00e0 10 du TMG, nous ne\u00a0sommes\u00a0pas\u00a0oblig\u00e9s\u00a0de\u00a0v\u00e9rifier\u00a0les\u00a0informations\u00a0fournies\u00a0ou\u00a0publi\u00e9es\u00a0par des tiers sur\u00a0notre\u00a0site Web.\u00a0Toutefois, nous\u00a0nous\u00a0engageons\u00a0\u00e0\u00a0supprimer\u00a0dans les plus\u00a0brefs\u00a0d\u00e9lais\u00a0tout\u00a0contenu\u00a0violant\u00a0la\u00a0loi\u00a0d\u00e8s\u00a0que nous\u00a0en\u00a0avons\u00a0eu\u00a0connaissance. Notre\u00a0responsabilit\u00e9, dans\u00a0ce\u00a0cas,\u00a0commencera\u00a0\u00e0\u00a0partir\u00a0du moment\u00a0o\u00f9\u00a0nous\u00a0avons\u00a0connaissance\u00a0de\u00a0cette\u00a0violation.<\/p>\n<h4>Responsabilit\u00e9\u00a0concernant\u00a0les liens<\/h4>\n<p>Notre site\u00a0contient\u00a0des liens\u00a0vers\u00a0des sites web tiers. Nous\u00a0n\u2019avons\u00a0aucune\u00a0influence sur les\u00a0informations\u00a0publi\u00e9es\u00a0sur\u00a0ces\u00a0sites et\u00a0n\u2019acceptons\u00a0aucune\u00a0responsabilit\u00e9\u00a0concernant\u00a0leur\u00a0exactitude. Le\u00a0contenu\u00a0de\u00a0ces\u00a0sites tiers\u00a0est\u00a0de la\u00a0responsabilit\u00e9\u00a0de\u00a0leurs\u00a0propri\u00e9taires\/fournisseurs. Au moment\u00a0o\u00f9\u00a0ces\u00a0sites tiers\u00a0ont\u00a0\u00e9t\u00e9\u00a0r\u00e9f\u00e9renc\u00e9s\u00a0sur le\u00a0n\u00f4tre,\u00a0il\u00a0n\u2019y\u00a0avait\u00a0aucune\u00a0indication quelle\u00a0qu\u2019elle\u00a0soit\u00a0d\u2019un\u00a0\u00e9ventuel\u00a0non-respect de la\u00a0loi. Nous\u00a0nous\u00a0engageons\u00a0\u00e0\u00a0supprimer\u00a0un lien sans\u00a0d\u00e9lai\u00a0d\u00e8s\u00a0que nous\u00a0avons\u00a0connaissance\u00a0d\u2019une\u00a0violation de la\u00a0loi\u00a0par le site\u00a0correspondant.<\/p>\n<h4>Responsabilit\u00e9\u00a0concernant\u00a0les droits\u00a0d&rsquo;auteur<\/h4>\n<p>Le\u00a0contenu\u00a0et les travaux\u00a0pr\u00e9vus\u00a0sur\u00a0ces\u00a0pages web\u00a0sont\u00a0r\u00e9gis\u00a0par les\u00a0lois\u00a0sur le copyright de\u00a0l&rsquo;Allemagne. La reproduction, la transformation, la distribution\u00a0ou\u00a0toute\u00a0forme\u00a0de\u00a0commercialisation\u00a0de\u00a0ces\u00a0contenus\u00a0au-del\u00e0\u00a0du champ\u00a0d&rsquo;application\u00a0de la\u00a0loi\u00a0du droit\u00a0d&rsquo;auteur\u00a0n\u00e9cessite\u00a0l&rsquo;autorisation\u00a0\u00e9crite\u00a0pr\u00e9alable\u00a0de son auteur\u00a0ou\u00a0cr\u00e9ateur.<\/p>\n<h4>Responsabilit\u00e9\u00a0concernant\u00a0la protection des\u00a0donn\u00e9es<\/h4>\n<p>Soyez\u00a0conscient\u00a0qu&rsquo;il\u00a0y a des\u00a0risques\u00a0de\u00a0s\u00e9curit\u00e9\u00a0inh\u00e9rents\u00a0\u00e0 la transmission de\u00a0donn\u00e9es,\u00a0tels\u00a0que les e-mails via internet, car\u00a0il\u00a0est\u00a0impossible de se\u00a0prot\u00e9ger\u00a0totalement\u00a0contre\u00a0l&rsquo;acc\u00e8s\u00a0non\u00a0autoris\u00e9\u00a0de tiers.\u00a0N\u00e9anmoins, nous nous engageons \u00e0 prot\u00e9ger vos donn\u00e9es dans le cadre de cette limitation.\u00a0En\u00a0particulier, les\u00a0informations\u00a0personnelles\u00a0seront\u00a0transmises\u00a0via internet que\u00a0si\u00a0elles\u00a0ne portent pas\u00a0atteinte\u00a0aux droits des tiers,\u00a0sauf\u00a0si\u00a0la\u00a0partie\u00a0concern\u00e9e\u00a0a\u00a0donn\u00e9\u00a0son\u00a0consentement\u00a0pr\u00e9alable\u00a0en\u00a0vue\u00a0de\u00a0ces\u00a0risques\u00a0de\u00a0s\u00e9curit\u00e9.\u00a0En\u00a0cons\u00e9quence,\u00a0comme\u00a0fournisseur\u00a0de site internet, nous ne\u00a0serons\u00a0pas\u00a0tenus\u00a0responsables\u00a0de tout\u00a0pr\u00e9judice\u00a0subi\u00a0\u00e0 la suite des\u00a0risques\u00a0de\u00a0s\u00e9curit\u00e9\u00a0pr\u00e9cit\u00e9s.\u00a0<br \/>\nNous\u00a0nous\u00a0opposons\u00a0\u00e0\u00a0l&rsquo;utilisation\u00a0de\u00a0toute\u00a0information relative \u00e0\u00a0vos\u00a0donn\u00e9es\u00a0personnelles\u00a0par un tiers pour\u00a0l&rsquo;envoi\u00a0de\u00a0publicit\u00e9s\u00a0non\u00a0sollicit\u00e9es.\u00a0En\u00a0tant\u00a0que\u00a0fournisseur\u00a0de site internet, nous\u00a0nous\u00a0r\u00e9servons\u00a0le droit de prendre des\u00a0mesures\u00a0juridiques\u00a0contre\u00a0les messages non\u00a0sollicit\u00e9s\u00a0ou\u00a0l\u2019envoi\u00a0d&rsquo;e-mailing, de spam et\u00a0autres\u00a0documents\u00a0publicitaires\u00a0similaires.<\/p>\n","protected":false},"excerpt":{"rendered":"<p>Mentions l\u00e9gales S\u00e9lection Prestige GmbH Pariser Str. 3 10719 Berlin Tel: \u202f030-6040405-0 (de l&rsquo;\u00e9tranger: +49-30-6040405-0) Fax\u202f: 030-6040405-11 (de l&rsquo;\u00e9tranger: +49-30-6040405-11) Adresse e-mail: info@selection-prestige.de G\u00e9rant autoris\u00e9 \u00e0 repr\u00e9senter la soci\u00e9t\u00e9 : Stefan Fabinger Cour de registre: Amtsgericht Charlottenburg Num\u00e9ro de registre: HRB 124815 B Num\u00e9ro d&rsquo;identification de la taxe sur le chiffre d&rsquo;affaires conform\u00e9ment au \u00a7 [&hellip;]<\/p>\n","protected":false},"author":1,"featured_media":0,"parent":0,"menu_order":0,"comment_status":"closed","ping_status":"closed","template":"","meta":{"_acf_changed":false,"_trash_the_other_posts":false,"footnotes":""},"class_list":["post-1348","page","type-page","status-publish","hentry"],"acf":[],"_links":{"self":[{"href":"https:\/\/brandsforfans.com\/fr\/wp-json\/wp\/v2\/pages\/1348","targetHints":{"allow":["GET"]}}],"collection":[{"href":"https:\/\/brandsforfans.com\/fr\/wp-json\/wp\/v2\/pages"}],"about":[{"href":"https:\/\/brandsforfans.com\/fr\/wp-json\/wp\/v2\/types\/page"}],"author":[{"embeddable":true,"href":"https:\/\/brandsforfans.com\/fr\/wp-json\/wp\/v2\/users\/1"}],"replies":[{"embeddable":true,"href":"https:\/\/brandsforfans.com\/fr\/wp-json\/wp\/v2\/comments?post=1348"}],"version-history":[{"count":2,"href":"https:\/\/brandsforfans.com\/fr\/wp-json\/wp\/v2\/pages\/1348\/revisions"}],"predecessor-version":[{"id":1350,"href":"https:\/\/brandsforfans.com\/fr\/wp-json\/wp\/v2\/pages\/1348\/revisions\/1350"}],"wp:attachment":[{"href":"https:\/\/brandsforfans.com\/fr\/wp-json\/wp\/v2\/media?parent=1348"}],"curies":[{"name":"wp","href":"https:\/\/api.w.org\/{rel}","templated":true}]}}