{"id":830,"date":"2021-03-05T08:19:11","date_gmt":"2021-03-05T08:19:11","guid":{"rendered":"https:\/\/brandsforfans.com\/en\/?page_id=830"},"modified":"2021-03-26T09:42:11","modified_gmt":"2021-03-26T09:42:11","slug":"a-propos-de-nous","status":"publish","type":"page","link":"https:\/\/brandsforfans.com\/fr\/a-propos-de-nous\/","title":{"rendered":"\u00c0 propos de nous"},"content":{"rendered":"\t\t<div data-elementor-type=\"wp-page\" data-elementor-id=\"830\" class=\"elementor elementor-830\" data-elementor-post-type=\"page\">\n\t\t\t\t\t\t<section class=\"elementor-section elementor-top-section elementor-element elementor-element-246cce1c elementor-section-boxed elementor-section-height-default elementor-section-height-default\" data-id=\"246cce1c\" data-element_type=\"section\">\n\t\t\t\t\t\t<div class=\"elementor-container elementor-column-gap-default\">\n\t\t\t\t\t<div class=\"elementor-column elementor-col-100 elementor-top-column elementor-element elementor-element-3b2be68a\" data-id=\"3b2be68a\" data-element_type=\"column\">\n\t\t\t<div class=\"elementor-widget-wrap elementor-element-populated\">\n\t\t\t\t\t\t<div class=\"elementor-element elementor-element-7fbdd0fe elementor-widget elementor-widget-text-editor\" data-id=\"7fbdd0fe\" data-element_type=\"widget\" data-widget_type=\"text-editor.default\">\n\t\t\t\t<div class=\"elementor-widget-container\">\n\t\t\t\t\t\t\t\t\t<h1>\u00c0 propos de nous<\/h1><p>Brands For Fans est une soci\u00e9t\u00e9 su\u00e9doise active sur un march\u00e9 mondial, leader dans le marketing et la vente de produits alcoolis\u00e9s fabriqu\u00e9s par et avec des artistes. Gr\u00e2ce \u00e0 une \u00e9troite collaboration avec des groupes et des artistes tels que Ghost, HammerFall, In Flames, Jonas \u00c5kerlund, Judas Priest, KISS, Mot\u00f6rhead, Rammstein, Scorpions, Slayer et Sweden Rock Festival, des produits attrayants sont lanc\u00e9s pour les fans. Notre fa\u00e7on de cr\u00e9er des affaires prosp\u00e8res pour les artistes et les producteurs de boissons nous a donn\u00e9 l&rsquo;opportunit\u00e9 d&rsquo;atteindre \u00e0 la fois le public rock et les connaisseurs de boissons en travaillant de mani\u00e8re cr\u00e9ative avec nos sorties et une communication cr\u00e9dible.<\/p><p>En activit\u00e9 depuis: 2012. Depuis janvier 2018, Brands For Fans fait partie du groupe UMIDA.<\/p><p><a href=\"https:\/\/brandsforfans.com\/fr\/marques\/\">Marques<\/a>: <a href=\"https:\/\/brandsforfans.com\/fr\/produits\/ghost\/\">Ghost<\/a>, <a href=\"https:\/\/brandsforfans.com\/fr\/produits\/hammerfall\/\">HammerFall<\/a>, <a href=\"https:\/\/brandsforfans.com\/fr\/produits\/in-flames\/\">In Flames<\/a>, Jonas \u00c5kerlund,\u00a0<a style=\"font-size: 1rem; background-color: #ffffff;\" href=\"https:\/\/brandsforfans.com\/fr\/produits\/kiss\/\">KISS<\/a>,<span style=\"color: var( --e-global-color-text ); font-size: 1rem;\">\u00a0<\/span><a style=\"background-color: #ffffff; font-size: 1rem;\" href=\"https:\/\/brandsforfans.com\/fr\/produits\/motorhead\/\">Mot\u00f6rhead<\/a><span style=\"color: var( --e-global-color-text ); font-size: 1rem;\">, Rammstein, Scorpions, Slayer and Sweden Rock Festival.<\/span><\/p><p>Id\u00e9e commerciale: renforcer, via des produits lifestyle, le lien entre les artistes et leurs fans.<\/p>\t\t\t\t\t\t\t\t<\/div>\n\t\t\t\t<\/div>\n\t\t\t\t\t<\/div>\n\t\t<\/div>\n\t\t\t\t\t<\/div>\n\t\t<\/section>\n\t\t\t\t<\/div>\n\t\t","protected":false},"excerpt":{"rendered":"<p>\u00c0 propos de nous Brands For Fans est une soci\u00e9t\u00e9 su\u00e9doise active sur un march\u00e9 mondial, leader dans le marketing et la vente de produits alcoolis\u00e9s fabriqu\u00e9s par et avec des artistes. Gr\u00e2ce \u00e0 une \u00e9troite collaboration avec des groupes et des artistes tels que Ghost, HammerFall, In Flames, Jonas \u00c5kerlund, Judas Priest, KISS, Mot\u00f6rhead, [&hellip;]<\/p>\n","protected":false},"author":1,"featured_media":0,"parent":0,"menu_order":0,"comment_status":"closed","ping_status":"closed","template":"","meta":{"_acf_changed":false,"_trash_the_other_posts":false,"footnotes":""},"class_list":["post-830","page","type-page","status-publish","hentry"],"acf":[],"_links":{"self":[{"href":"https:\/\/brandsforfans.com\/fr\/wp-json\/wp\/v2\/pages\/830","targetHints":{"allow":["GET"]}}],"collection":[{"href":"https:\/\/brandsforfans.com\/fr\/wp-json\/wp\/v2\/pages"}],"about":[{"href":"https:\/\/brandsforfans.com\/fr\/wp-json\/wp\/v2\/types\/page"}],"author":[{"embeddable":true,"href":"https:\/\/brandsforfans.com\/fr\/wp-json\/wp\/v2\/users\/1"}],"replies":[{"embeddable":true,"href":"https:\/\/brandsforfans.com\/fr\/wp-json\/wp\/v2\/comments?post=830"}],"version-history":[{"count":27,"href":"https:\/\/brandsforfans.com\/fr\/wp-json\/wp\/v2\/pages\/830\/revisions"}],"predecessor-version":[{"id":1304,"href":"https:\/\/brandsforfans.com\/fr\/wp-json\/wp\/v2\/pages\/830\/revisions\/1304"}],"wp:attachment":[{"href":"https:\/\/brandsforfans.com\/fr\/wp-json\/wp\/v2\/media?parent=830"}],"curies":[{"name":"wp","href":"https:\/\/api.w.org\/{rel}","templated":true}]}}