{"id":1472,"date":"2021-06-09T14:05:38","date_gmt":"2021-06-09T14:05:38","guid":{"rendered":"https:\/\/brandsforfans.com\/fr\/?post_type=product&#038;p=1472"},"modified":"2026-04-17T01:41:41","modified_gmt":"2026-04-17T00:41:41","slug":"kiss-cold-gin","status":"publish","type":"product","link":"https:\/\/brandsforfans.com\/fr\/produit\/kiss-cold-gin\/","title":{"rendered":"Cold Gin"},"content":{"rendered":"<p>Inspir\u00e9 des rues anim\u00e9es de New York et du tube rock de 1974, KISS Cold Gin est l&rsquo;ultime hommage \u00e0 la ville natale du groupe le plus en vogue au monde.<\/p>\n<p>La cr\u00e9ation est un gin premium classique qui a \u00e9t\u00e9 distill\u00e9 cinq fois pour une plus grande intensit\u00e9 de saveur. Le distillat \u00e0 base de c\u00e9r\u00e9ales est riche en gen\u00e9vrier, citron et herbes pour des nuances audacieuses.<\/p>\n<p><a href=\"https:\/\/crypticrock.com\/kiss-cold-gin-spirits-review\/\" target=\"_blank\" rel=\"noopener\">KISS Cold Gin obtient 5 \u00e9toiles sur 5 dans la critique de Cryptic Rock.<\/a><\/p>\n","protected":false},"excerpt":{"rendered":"<p>Inspir\u00e9 des rues anim\u00e9es de New York et du tube rock de 1974, KISS Cold Gin est l&rsquo;ultime hommage \u00e0 la ville natale du groupe le plus en vogue au monde. La cr\u00e9ation est un gin premium classique qui a \u00e9t\u00e9 distill\u00e9 cinq fois pour une plus grande intensit\u00e9 de saveur. Le distillat \u00e0 base [&hellip;]<\/p>\n","protected":false},"featured_media":1554,"comment_status":"open","ping_status":"closed","template":"","meta":{"_acf_changed":false,"_trash_the_other_posts":false},"product_brand":[],"product_cat":[46],"product_tag":[],"class_list":{"0":"post-1472","1":"product","2":"type-product","3":"status-publish","4":"has-post-thumbnail","6":"product_cat-gin","7":"brand-kiss","9":"first","10":"instock","11":"sale","12":"taxable","13":"shipping-taxable","14":"purchasable","15":"product-type-simple"},"acf":[],"_links":{"self":[{"href":"https:\/\/brandsforfans.com\/fr\/wp-json\/wp\/v2\/product\/1472","targetHints":{"allow":["GET"]}}],"collection":[{"href":"https:\/\/brandsforfans.com\/fr\/wp-json\/wp\/v2\/product"}],"about":[{"href":"https:\/\/brandsforfans.com\/fr\/wp-json\/wp\/v2\/types\/product"}],"replies":[{"embeddable":true,"href":"https:\/\/brandsforfans.com\/fr\/wp-json\/wp\/v2\/comments?post=1472"}],"wp:featuredmedia":[{"embeddable":true,"href":"https:\/\/brandsforfans.com\/fr\/wp-json\/wp\/v2\/media\/1554"}],"wp:attachment":[{"href":"https:\/\/brandsforfans.com\/fr\/wp-json\/wp\/v2\/media?parent=1472"}],"wp:term":[{"taxonomy":"product_brand","embeddable":true,"href":"https:\/\/brandsforfans.com\/fr\/wp-json\/wp\/v2\/product_brand?post=1472"},{"taxonomy":"product_cat","embeddable":true,"href":"https:\/\/brandsforfans.com\/fr\/wp-json\/wp\/v2\/product_cat?post=1472"},{"taxonomy":"product_tag","embeddable":true,"href":"https:\/\/brandsforfans.com\/fr\/wp-json\/wp\/v2\/product_tag?post=1472"}],"curies":[{"name":"wp","href":"https:\/\/api.w.org\/{rel}","templated":true}]}}