{"id":1738,"date":"2021-12-05T15:37:29","date_gmt":"2021-12-05T15:37:29","guid":{"rendered":"https:\/\/brandsforfans.com\/fr\/?post_type=product&#038;p=1738"},"modified":"2026-05-04T06:40:41","modified_gmt":"2026-05-04T05:40:41","slug":"kiss-monstrum","status":"publish","type":"product","link":"https:\/\/brandsforfans.com\/fr\/produit\/kiss-monstrum\/","title":{"rendered":"Monstrum"},"content":{"rendered":"<p>Portant le mot Latin pour &lsquo;monstre&rsquo; comme nom, le rhum brun Ultra Premium KISS Monstrum fait honneur \u00e0 ceci en \u00e9tant un rhum monstrueusement exceptionnel. C&rsquo;est l&rsquo;ajout le plus nouveau et le plus audacieux \u00e0 ne pas rater.<\/p>\n<p>Pour saisir la qualit\u00e9 voulu de cette cr\u00e9ation en \u00e9dition limit\u00e9e, la recherche pour les rhums parfaits est all\u00e9e aussi loin que l&rsquo;Am\u00e9rique latine et les Cara\u00efbes. Sp\u00e9cialement selectionn\u00e9s de la Guyane et de la Jama\u00efque, les rhums ont \u00e9t\u00e9 vieilli pour plus de 14 ans dans des f\u00fbts anciens d&rsquo;arrack, une version tr\u00e8s particuli\u00e8re de tonneaux de ch\u00eane de 800 litres.<\/p>\n<p>Un assemblage unique de Brands for Fans&rsquo; fait par le grand Blender bien r\u00e9compens\u00e9 au niveau international, le r\u00e9sultat produit est un rhum pur, clair et de couleur p\u00e2le de qualit\u00e9 sup\u00e9rieure qui ne contient ni sucre ajout\u00e9 ni ar\u00f4mes artificiels.<\/p>\n","protected":false},"excerpt":{"rendered":"<p>Portant le mot Latin pour &lsquo;monstre&rsquo; comme nom, le rhum brun Ultra Premium KISS Monstrum fait honneur \u00e0 ceci en \u00e9tant un rhum monstrueusement exceptionnel. C&rsquo;est l&rsquo;ajout le plus nouveau et le plus audacieux \u00e0 ne pas rater. Pour saisir la qualit\u00e9 voulu de cette cr\u00e9ation en \u00e9dition limit\u00e9e, la recherche pour les rhums parfaits [&hellip;]<\/p>\n","protected":false},"featured_media":1740,"comment_status":"open","ping_status":"closed","template":"","meta":{"_acf_changed":false,"_trash_the_other_posts":false},"product_brand":[],"product_cat":[16],"product_tag":[],"class_list":{"0":"post-1738","1":"product","2":"type-product","3":"status-publish","4":"has-post-thumbnail","6":"product_cat-rum","7":"brand-kiss","9":"first","10":"outofstock","11":"sale","12":"taxable","13":"shipping-taxable","14":"purchasable","15":"product-type-simple"},"acf":[],"_links":{"self":[{"href":"https:\/\/brandsforfans.com\/fr\/wp-json\/wp\/v2\/product\/1738","targetHints":{"allow":["GET"]}}],"collection":[{"href":"https:\/\/brandsforfans.com\/fr\/wp-json\/wp\/v2\/product"}],"about":[{"href":"https:\/\/brandsforfans.com\/fr\/wp-json\/wp\/v2\/types\/product"}],"replies":[{"embeddable":true,"href":"https:\/\/brandsforfans.com\/fr\/wp-json\/wp\/v2\/comments?post=1738"}],"wp:featuredmedia":[{"embeddable":true,"href":"https:\/\/brandsforfans.com\/fr\/wp-json\/wp\/v2\/media\/1740"}],"wp:attachment":[{"href":"https:\/\/brandsforfans.com\/fr\/wp-json\/wp\/v2\/media?parent=1738"}],"wp:term":[{"taxonomy":"product_brand","embeddable":true,"href":"https:\/\/brandsforfans.com\/fr\/wp-json\/wp\/v2\/product_brand?post=1738"},{"taxonomy":"product_cat","embeddable":true,"href":"https:\/\/brandsforfans.com\/fr\/wp-json\/wp\/v2\/product_cat?post=1738"},{"taxonomy":"product_tag","embeddable":true,"href":"https:\/\/brandsforfans.com\/fr\/wp-json\/wp\/v2\/product_tag?post=1738"}],"curies":[{"name":"wp","href":"https:\/\/api.w.org\/{rel}","templated":true}]}}