{"id":1850,"date":"2022-03-28T13:46:02","date_gmt":"2022-03-28T13:46:02","guid":{"rendered":"https:\/\/brandsforfans.com\/fr\/?post_type=product&#038;p=1850"},"modified":"2026-05-02T03:09:46","modified_gmt":"2026-05-02T02:09:46","slug":"ozzy-osbourne-the-ultimate-gin","status":"publish","type":"product","link":"https:\/\/brandsforfans.com\/fr\/produit\/ozzy-osbourne-the-ultimate-gin\/","title":{"rendered":"The Ultimate Gin"},"content":{"rendered":"<p>Le &lsquo;Prince of Darkness&rsquo;, artiste multi-platine Ozzy Osborne, fait appel \u00e0 son statut l\u00e9gendaire dans le monde du heavy metal \u00e0 l&rsquo;industrie des spiritueux avec le lancement de &lsquo;The Ultimate Gin.&rsquo;<\/p>\n<p>Fabriqu\u00e9 dans le style classique du &lsquo;London Dry Gin&rsquo;, &lsquo;The Ultimate Gin&rsquo; avec tous les go\u00fbts et ar\u00f4mes attendus sous cette forme traditionnelle, mais avec des notes frappantes qui surgissent d&rsquo;une teneur en alcool audacieuse de 47%.<\/p>\n","protected":false},"excerpt":{"rendered":"<p>Le &lsquo;Prince of Darkness&rsquo;, artiste multi-platine Ozzy Osborne, fait appel \u00e0 son statut l\u00e9gendaire dans le monde du heavy metal \u00e0 l&rsquo;industrie des spiritueux avec le lancement de &lsquo;The Ultimate Gin.&rsquo; Fabriqu\u00e9 dans le style classique du &lsquo;London Dry Gin&rsquo;, &lsquo;The Ultimate Gin&rsquo; avec tous les go\u00fbts et ar\u00f4mes attendus sous cette forme traditionnelle, mais [&hellip;]<\/p>\n","protected":false},"featured_media":1852,"comment_status":"open","ping_status":"closed","template":"","meta":{"_acf_changed":false,"_trash_the_other_posts":false},"product_brand":[],"product_cat":[46],"product_tag":[],"class_list":{"0":"post-1850","1":"product","2":"type-product","3":"status-publish","4":"has-post-thumbnail","6":"product_cat-gin","7":"brand-ozzy-osbourne","9":"first","10":"outofstock","11":"sale","12":"taxable","13":"shipping-taxable","14":"purchasable","15":"product-type-simple"},"acf":[],"_links":{"self":[{"href":"https:\/\/brandsforfans.com\/fr\/wp-json\/wp\/v2\/product\/1850","targetHints":{"allow":["GET"]}}],"collection":[{"href":"https:\/\/brandsforfans.com\/fr\/wp-json\/wp\/v2\/product"}],"about":[{"href":"https:\/\/brandsforfans.com\/fr\/wp-json\/wp\/v2\/types\/product"}],"replies":[{"embeddable":true,"href":"https:\/\/brandsforfans.com\/fr\/wp-json\/wp\/v2\/comments?post=1850"}],"wp:featuredmedia":[{"embeddable":true,"href":"https:\/\/brandsforfans.com\/fr\/wp-json\/wp\/v2\/media\/1852"}],"wp:attachment":[{"href":"https:\/\/brandsforfans.com\/fr\/wp-json\/wp\/v2\/media?parent=1850"}],"wp:term":[{"taxonomy":"product_brand","embeddable":true,"href":"https:\/\/brandsforfans.com\/fr\/wp-json\/wp\/v2\/product_brand?post=1850"},{"taxonomy":"product_cat","embeddable":true,"href":"https:\/\/brandsforfans.com\/fr\/wp-json\/wp\/v2\/product_cat?post=1850"},{"taxonomy":"product_tag","embeddable":true,"href":"https:\/\/brandsforfans.com\/fr\/wp-json\/wp\/v2\/product_tag?post=1850"}],"curies":[{"name":"wp","href":"https:\/\/api.w.org\/{rel}","templated":true}]}}