{"id":1905,"date":"2022-05-30T10:39:23","date_gmt":"2022-05-30T10:39:23","guid":{"rendered":"https:\/\/brandsforfans.com\/fr\/?post_type=product&#038;p=1905"},"modified":"2026-05-02T10:59:34","modified_gmt":"2026-05-02T09:59:34","slug":"rocket","status":"publish","type":"product","link":"https:\/\/brandsforfans.com\/fr\/produit\/rocket\/","title":{"rendered":"Rocket"},"content":{"rendered":"<p><strong>Def Leppard \u2018Rocket\u2019<\/strong> est un gin premium distill\u00e9 avec une forte intensit\u00e9 de saveurs. De plus, avec ce gin, le distillat \u00e0 base de c\u00e9r\u00e9ales est audacieux avec des ar\u00f4mes herbac\u00e9s.<\/p>\n<p>Prenant de l\u2019inspiration des labyrinthes de lavande \u00e0 Sheffield, (Manor Lodge), et pour ressentir une exp\u00e9rience encore plus forte de nuances botaniques, des saveurs compl\u00e9mentaires de lavande et de citron ont \u00e9t\u00e9 mac\u00e9r\u00e9es et ajout\u00e9es au distillate.<\/p>\n<p>Sans \u00e9dulcorants, la qualit\u00e9 pur du liquide est assur\u00e9e. La conception de l&rsquo;\u00e9tiquette a \u00e9t\u00e9 inspir\u00e9e par le hit \u2018Rocket\u2019 de l &lsquo;album <em>Hysteria<\/em>.<\/p>\n","protected":false},"excerpt":{"rendered":"<p>Def Leppard \u2018Rocket\u2019 est un gin premium distill\u00e9 avec une forte intensit\u00e9 de saveurs. De plus, avec ce gin, le distillat \u00e0 base de c\u00e9r\u00e9ales est audacieux avec des ar\u00f4mes herbac\u00e9s. Prenant de l\u2019inspiration des labyrinthes de lavande \u00e0 Sheffield, (Manor Lodge), et pour ressentir une exp\u00e9rience encore plus forte de nuances botaniques, des saveurs [&hellip;]<\/p>\n","protected":false},"featured_media":1903,"comment_status":"open","ping_status":"closed","template":"","meta":{"_acf_changed":false,"_trash_the_other_posts":false},"product_brand":[],"product_cat":[46],"product_tag":[],"class_list":{"0":"post-1905","1":"product","2":"type-product","3":"status-publish","4":"has-post-thumbnail","6":"product_cat-gin","7":"brand-def-leppard","9":"first","10":"instock","11":"taxable","12":"shipping-taxable","13":"purchasable","14":"product-type-simple"},"acf":[],"_links":{"self":[{"href":"https:\/\/brandsforfans.com\/fr\/wp-json\/wp\/v2\/product\/1905","targetHints":{"allow":["GET"]}}],"collection":[{"href":"https:\/\/brandsforfans.com\/fr\/wp-json\/wp\/v2\/product"}],"about":[{"href":"https:\/\/brandsforfans.com\/fr\/wp-json\/wp\/v2\/types\/product"}],"replies":[{"embeddable":true,"href":"https:\/\/brandsforfans.com\/fr\/wp-json\/wp\/v2\/comments?post=1905"}],"wp:featuredmedia":[{"embeddable":true,"href":"https:\/\/brandsforfans.com\/fr\/wp-json\/wp\/v2\/media\/1903"}],"wp:attachment":[{"href":"https:\/\/brandsforfans.com\/fr\/wp-json\/wp\/v2\/media?parent=1905"}],"wp:term":[{"taxonomy":"product_brand","embeddable":true,"href":"https:\/\/brandsforfans.com\/fr\/wp-json\/wp\/v2\/product_brand?post=1905"},{"taxonomy":"product_cat","embeddable":true,"href":"https:\/\/brandsforfans.com\/fr\/wp-json\/wp\/v2\/product_cat?post=1905"},{"taxonomy":"product_tag","embeddable":true,"href":"https:\/\/brandsforfans.com\/fr\/wp-json\/wp\/v2\/product_tag?post=1905"}],"curies":[{"name":"wp","href":"https:\/\/api.w.org\/{rel}","templated":true}]}}