{"id":3136,"date":"2023-11-16T02:05:08","date_gmt":"2023-11-16T02:05:08","guid":{"rendered":"https:\/\/brandsforfans.com\/fr\/?post_type=product&#038;p=3136"},"modified":"2026-05-14T11:10:46","modified_gmt":"2026-05-14T10:10:46","slug":"skid-row-spirits-midnight-vodka","status":"publish","type":"product","link":"https:\/\/brandsforfans.com\/fr\/produit\/skid-row-spirits-midnight-vodka\/","title":{"rendered":"Midnight Vodka"},"content":{"rendered":"<p>Douce, bien qu&rsquo;audacieuse, la vodka Skid Row Midnight capture l&rsquo;essence des concerts enivrants et du style sans compromis de Skid Row.<\/p>\n<p>Chaque gorg\u00e9e renferme des tons clairs de bl\u00e9 et de pain grill\u00e9, avec un arri\u00e8re-go\u00fbt rond, sec et prononc\u00e9. Quand minuit sonne, choisissez la vodka Skid Row Midnight.<\/p>\n<p>Bas\u00e9 aux Etats-Unis ou au Canada ? <a href=\"#newsletter-signup\">Inscrivez-vous \u00e0 notre lettre d&rsquo;information<\/a> pour recevoir des informations sur le lancement de 2024!<\/p>\n","protected":false},"excerpt":{"rendered":"<p>Douce, bien qu&rsquo;audacieuse, la vodka Skid Row Midnight capture l&rsquo;essence des concerts enivrants et du style sans compromis de Skid Row. Chaque gorg\u00e9e renferme des tons clairs de bl\u00e9 et de pain grill\u00e9, avec un arri\u00e8re-go\u00fbt rond, sec et prononc\u00e9. Quand minuit sonne, choisissez la vodka Skid Row Midnight. Bas\u00e9 aux Etats-Unis ou au Canada [&hellip;]<\/p>\n","protected":false},"featured_media":3138,"comment_status":"open","ping_status":"closed","template":"","meta":{"_acf_changed":false,"_trash_the_other_posts":false},"product_brand":[],"product_cat":[44],"product_tag":[],"class_list":{"0":"post-3136","1":"product","2":"type-product","3":"status-publish","4":"has-post-thumbnail","6":"product_cat-vodka","7":"brand-skid-row-spirits","9":"first","10":"instock","11":"sale","12":"taxable","13":"shipping-taxable","14":"purchasable","15":"product-type-simple"},"acf":[],"_links":{"self":[{"href":"https:\/\/brandsforfans.com\/fr\/wp-json\/wp\/v2\/product\/3136","targetHints":{"allow":["GET"]}}],"collection":[{"href":"https:\/\/brandsforfans.com\/fr\/wp-json\/wp\/v2\/product"}],"about":[{"href":"https:\/\/brandsforfans.com\/fr\/wp-json\/wp\/v2\/types\/product"}],"replies":[{"embeddable":true,"href":"https:\/\/brandsforfans.com\/fr\/wp-json\/wp\/v2\/comments?post=3136"}],"wp:featuredmedia":[{"embeddable":true,"href":"https:\/\/brandsforfans.com\/fr\/wp-json\/wp\/v2\/media\/3138"}],"wp:attachment":[{"href":"https:\/\/brandsforfans.com\/fr\/wp-json\/wp\/v2\/media?parent=3136"}],"wp:term":[{"taxonomy":"product_brand","embeddable":true,"href":"https:\/\/brandsforfans.com\/fr\/wp-json\/wp\/v2\/product_brand?post=3136"},{"taxonomy":"product_cat","embeddable":true,"href":"https:\/\/brandsforfans.com\/fr\/wp-json\/wp\/v2\/product_cat?post=3136"},{"taxonomy":"product_tag","embeddable":true,"href":"https:\/\/brandsforfans.com\/fr\/wp-json\/wp\/v2\/product_tag?post=3136"}],"curies":[{"name":"wp","href":"https:\/\/api.w.org\/{rel}","templated":true}]}}