{"id":3141,"date":"2023-11-16T02:05:11","date_gmt":"2023-11-16T02:05:11","guid":{"rendered":"https:\/\/brandsforfans.com\/fr\/?post_type=product&#038;p=3141"},"modified":"2026-04-30T21:49:39","modified_gmt":"2026-04-30T20:49:39","slug":"skid-row-spirits-18-and-life-ultra-premium-rum","status":"publish","type":"product","link":"https:\/\/brandsforfans.com\/fr\/produit\/skid-row-spirits-18-and-life-ultra-premium-rum\/","title":{"rendered":"18 and Life Ultra Premium Rum"},"content":{"rendered":"<p>Le rhum Skid Row 18 and Life Ultra Premium Rum est une expression unique et captivante de 18 ans, qui combine l&rsquo;art de la distillation guyanienne aux m\u00e9thodes de maturation europ\u00e9ennes. Apr\u00e8s une conservation dans des f\u00fbts en ch\u00eane am\u00e9ricains en Guyane, le rhum a termin\u00e9 sa maturation en Europe dans des cuves en teck rares.<\/p>\n<p>Puissant et au centre de la sc\u00e8ne avec 45% d&rsquo;alcool, le rhum Skid Row 18 and Life m\u00e9lange la tradition \u00e0 l&rsquo;innovation et d\u00e9livre des tons profonds de nougat, avec des notes de noix de coco et de vanille grill\u00e9es, et un arri\u00e8re-go\u00fbt velout\u00e9 et chocolat\u00e9.<\/p>\n<p>Bas\u00e9 aux Etats-Unis ou au Canada ? <a href=\"#newsletter-signup\">Inscrivez-vous \u00e0 notre lettre d&rsquo;information<\/a> pour recevoir des informations sur le lancement de 2024!<\/p>\n","protected":false},"excerpt":{"rendered":"<p>Le rhum Skid Row 18 and Life Ultra Premium Rum est une expression unique et captivante de 18 ans, qui combine l&rsquo;art de la distillation guyanienne aux m\u00e9thodes de maturation europ\u00e9ennes. Apr\u00e8s une conservation dans des f\u00fbts en ch\u00eane am\u00e9ricains en Guyane, le rhum a termin\u00e9 sa maturation en Europe dans des cuves en teck [&hellip;]<\/p>\n","protected":false},"featured_media":3143,"comment_status":"open","ping_status":"closed","template":"","meta":{"_acf_changed":false,"_trash_the_other_posts":false},"product_brand":[],"product_cat":[16],"product_tag":[],"class_list":{"0":"post-3141","1":"product","2":"type-product","3":"status-publish","4":"has-post-thumbnail","6":"product_cat-rum","7":"brand-skid-row-spirits","9":"first","10":"instock","11":"sale","12":"taxable","13":"shipping-taxable","14":"purchasable","15":"product-type-simple"},"acf":[],"_links":{"self":[{"href":"https:\/\/brandsforfans.com\/fr\/wp-json\/wp\/v2\/product\/3141","targetHints":{"allow":["GET"]}}],"collection":[{"href":"https:\/\/brandsforfans.com\/fr\/wp-json\/wp\/v2\/product"}],"about":[{"href":"https:\/\/brandsforfans.com\/fr\/wp-json\/wp\/v2\/types\/product"}],"replies":[{"embeddable":true,"href":"https:\/\/brandsforfans.com\/fr\/wp-json\/wp\/v2\/comments?post=3141"}],"wp:featuredmedia":[{"embeddable":true,"href":"https:\/\/brandsforfans.com\/fr\/wp-json\/wp\/v2\/media\/3143"}],"wp:attachment":[{"href":"https:\/\/brandsforfans.com\/fr\/wp-json\/wp\/v2\/media?parent=3141"}],"wp:term":[{"taxonomy":"product_brand","embeddable":true,"href":"https:\/\/brandsforfans.com\/fr\/wp-json\/wp\/v2\/product_brand?post=3141"},{"taxonomy":"product_cat","embeddable":true,"href":"https:\/\/brandsforfans.com\/fr\/wp-json\/wp\/v2\/product_cat?post=3141"},{"taxonomy":"product_tag","embeddable":true,"href":"https:\/\/brandsforfans.com\/fr\/wp-json\/wp\/v2\/product_tag?post=3141"}],"curies":[{"name":"wp","href":"https:\/\/api.w.org\/{rel}","templated":true}]}}