{"id":4736,"date":"2024-10-21T17:05:36","date_gmt":"2024-10-21T16:05:36","guid":{"rendered":"https:\/\/brandsforfans.com\/fr\/?post_type=product&#038;p=4736"},"modified":"2026-04-17T01:41:41","modified_gmt":"2026-04-17T00:41:41","slug":"kiss-hotter-than-hell-rum","status":"publish","type":"product","link":"https:\/\/brandsforfans.com\/fr\/produit\/kiss-hotter-than-hell-rum\/","title":{"rendered":"Hotter Than Hell Rum"},"content":{"rendered":"<p>En c\u00e9l\u00e9bration de 50 ans d&rsquo;h\u00e9ritage rock, l&rsquo;anniversaire de 2024 de l&rsquo;album iconique de 1974 \u00ab Hotter Than Hell \u00bb marque un moment important dans l\u2019histoire de KISS, attendu avec impatience par les fans du monde entier.<\/p>\n<p>Le nouveau m\u00e9lange unique de rhums de 14 ans se distingue par une grande sophistication, gr\u00e2ce \u00e0 son vieillissement dans d&rsquo;anciens f\u00fbts de bourbon et des foudres de Batavia arrack en provenance de Guyane et de Jama\u00efque. Audacieux, brillant et parfaitement adapt\u00e9 \u00e0 cette c\u00e9l\u00e9bration anniversaire.<\/p>\n","protected":false},"excerpt":{"rendered":"<p>En c\u00e9l\u00e9bration de 50 ans d&rsquo;h\u00e9ritage rock, l&rsquo;anniversaire de 2024 de l&rsquo;album iconique de 1974 \u00ab Hotter Than Hell \u00bb marque un moment important dans l\u2019histoire de KISS, attendu avec impatience par les fans du monde entier. Le nouveau m\u00e9lange unique de rhums de 14 ans se distingue par une grande sophistication, gr\u00e2ce \u00e0 son [&hellip;]<\/p>\n","protected":false},"featured_media":4738,"comment_status":"open","ping_status":"closed","template":"","meta":{"_acf_changed":false,"_trash_the_other_posts":false},"product_brand":[],"product_cat":[16],"product_tag":[],"class_list":{"0":"post-4736","1":"product","2":"type-product","3":"status-publish","4":"has-post-thumbnail","6":"product_cat-rum","7":"brand-kiss","9":"first","10":"outofstock","11":"sale","12":"taxable","13":"shipping-taxable","14":"purchasable","15":"product-type-simple"},"acf":[],"_links":{"self":[{"href":"https:\/\/brandsforfans.com\/fr\/wp-json\/wp\/v2\/product\/4736","targetHints":{"allow":["GET"]}}],"collection":[{"href":"https:\/\/brandsforfans.com\/fr\/wp-json\/wp\/v2\/product"}],"about":[{"href":"https:\/\/brandsforfans.com\/fr\/wp-json\/wp\/v2\/types\/product"}],"replies":[{"embeddable":true,"href":"https:\/\/brandsforfans.com\/fr\/wp-json\/wp\/v2\/comments?post=4736"}],"wp:featuredmedia":[{"embeddable":true,"href":"https:\/\/brandsforfans.com\/fr\/wp-json\/wp\/v2\/media\/4738"}],"wp:attachment":[{"href":"https:\/\/brandsforfans.com\/fr\/wp-json\/wp\/v2\/media?parent=4736"}],"wp:term":[{"taxonomy":"product_brand","embeddable":true,"href":"https:\/\/brandsforfans.com\/fr\/wp-json\/wp\/v2\/product_brand?post=4736"},{"taxonomy":"product_cat","embeddable":true,"href":"https:\/\/brandsforfans.com\/fr\/wp-json\/wp\/v2\/product_cat?post=4736"},{"taxonomy":"product_tag","embeddable":true,"href":"https:\/\/brandsforfans.com\/fr\/wp-json\/wp\/v2\/product_tag?post=4736"}],"curies":[{"name":"wp","href":"https:\/\/api.w.org\/{rel}","templated":true}]}}