{"id":765,"date":"2019-01-04T11:19:03","date_gmt":"2019-01-04T11:19:03","guid":{"rendered":"https:\/\/brandsforfans.com\/en\/product\/premium-vodka\/"},"modified":"2026-05-02T04:19:46","modified_gmt":"2026-05-02T03:19:46","slug":"hammerfall-premium-vodka","status":"publish","type":"product","link":"https:\/\/brandsforfans.com\/fr\/produit\/hammerfall-premium-vodka\/","title":{"rendered":"Premium Vodka"},"content":{"rendered":"<p>La vodka HammerFall Premium est distill\u00e9e quatre fois, ce qui donne un go\u00fbt pur, propre et douce. Des traces d&rsquo;agrumes et d&rsquo;amandes laissent le palais rafra\u00eechi.<\/p>\n<p>Le chanteur Joacim Cans d\u00e9crit fi\u00e8rement la magnifique vodka HammerFall Premium comme \u00abune souffle d&rsquo;air frais\u00bb. \u00ab\u00a0Rappelez-vous: bon n&rsquo;est pas assez bon. Elle doit \u00eatre formidable. Elle a un go\u00fbt tr\u00e8s clair et doux, mais aussi avec un temp\u00e9rament qui vient du poivre. Je pense que beaucoup de gens seront surpris de son go\u00fbt d\u00e9licieux, dit Cans.<\/p>\n","protected":false},"excerpt":{"rendered":"<p>La vodka HammerFall Premium est distill\u00e9e quatre fois, ce qui donne un go\u00fbt pur, propre et douce. Des traces d&rsquo;agrumes et d&rsquo;amandes laissent le palais rafra\u00eechi. Le chanteur Joacim Cans d\u00e9crit fi\u00e8rement la magnifique vodka HammerFall Premium comme \u00abune souffle d&rsquo;air frais\u00bb. \u00ab\u00a0Rappelez-vous: bon n&rsquo;est pas assez bon. Elle doit \u00eatre formidable. Elle a un [&hellip;]<\/p>\n","protected":false},"featured_media":959,"comment_status":"open","ping_status":"closed","template":"","meta":{"_acf_changed":false,"_trash_the_other_posts":false},"product_brand":[],"product_cat":[44],"product_tag":[],"class_list":{"0":"post-765","1":"product","2":"type-product","3":"status-publish","4":"has-post-thumbnail","6":"product_cat-vodka","7":"brand-hammerfall","9":"first","10":"instock","11":"sale","12":"taxable","13":"shipping-taxable","14":"purchasable","15":"product-type-simple"},"acf":[],"_links":{"self":[{"href":"https:\/\/brandsforfans.com\/fr\/wp-json\/wp\/v2\/product\/765","targetHints":{"allow":["GET"]}}],"collection":[{"href":"https:\/\/brandsforfans.com\/fr\/wp-json\/wp\/v2\/product"}],"about":[{"href":"https:\/\/brandsforfans.com\/fr\/wp-json\/wp\/v2\/types\/product"}],"replies":[{"embeddable":true,"href":"https:\/\/brandsforfans.com\/fr\/wp-json\/wp\/v2\/comments?post=765"}],"wp:featuredmedia":[{"embeddable":true,"href":"https:\/\/brandsforfans.com\/fr\/wp-json\/wp\/v2\/media\/959"}],"wp:attachment":[{"href":"https:\/\/brandsforfans.com\/fr\/wp-json\/wp\/v2\/media?parent=765"}],"wp:term":[{"taxonomy":"product_brand","embeddable":true,"href":"https:\/\/brandsforfans.com\/fr\/wp-json\/wp\/v2\/product_brand?post=765"},{"taxonomy":"product_cat","embeddable":true,"href":"https:\/\/brandsforfans.com\/fr\/wp-json\/wp\/v2\/product_cat?post=765"},{"taxonomy":"product_tag","embeddable":true,"href":"https:\/\/brandsforfans.com\/fr\/wp-json\/wp\/v2\/product_tag?post=765"}],"curies":[{"name":"wp","href":"https:\/\/api.w.org\/{rel}","templated":true}]}}