{"id":766,"date":"2018-12-05T11:19:03","date_gmt":"2018-12-05T11:19:03","guid":{"rendered":"https:\/\/brandsforfans.com\/en\/product\/ikon-no13\/"},"modified":"2026-04-17T04:49:32","modified_gmt":"2026-04-17T03:49:32","slug":"in-flames-ikon-no13","status":"publish","type":"product","link":"https:\/\/brandsforfans.com\/fr\/produit\/in-flames-ikon-no13\/","title":{"rendered":"IKON No13"},"content":{"rendered":"<p>Le parfum caract\u00e9ristique du gin classique est une base d\u2019une douce touche d&rsquo;agrumes. IKON a un caract\u00e8re de gin classique de baies de geni\u00e8vre, de coriandre, d&rsquo;\u00e9corce de citron, de cannelle, de cardamome et de fleurs de sureau. Pour un profil gustatif plus riche et plus complexe, le chanteur Anders Frid\u00e9n a choisi d&rsquo;augmenter la teneur en alcool \u00e0 43%. Comme note de t\u00eate suppl\u00e9mentaire, il y a une touche de zeste d&rsquo;orange et de citronnelle qui a \u00e9t\u00e9 soigneusement mac\u00e9r\u00e9e puis ajout\u00e9e au gin distill\u00e9.<\/p>\n<p>IKON est la fa\u00e7on dont le groupe pr\u00e9sente le gin artisanal comme une boisson de haute qualit\u00e9, o\u00f9 Frid\u00e9n a \u00e9t\u00e9 pr\u00e9sent \u00e0 chaque \u00e9tape du processus.<\/p>\n","protected":false},"excerpt":{"rendered":"<p>Le parfum caract\u00e9ristique du gin classique est une base d\u2019une douce touche d&rsquo;agrumes. IKON a un caract\u00e8re de gin classique de baies de geni\u00e8vre, de coriandre, d&rsquo;\u00e9corce de citron, de cannelle, de cardamome et de fleurs de sureau. Pour un profil gustatif plus riche et plus complexe, le chanteur Anders Frid\u00e9n a choisi d&rsquo;augmenter la [&hellip;]<\/p>\n","protected":false},"featured_media":960,"comment_status":"open","ping_status":"closed","template":"","meta":{"_acf_changed":false,"_trash_the_other_posts":false},"product_brand":[],"product_cat":[46],"product_tag":[],"class_list":{"0":"post-766","1":"product","2":"type-product","3":"status-publish","4":"has-post-thumbnail","6":"product_cat-gin","7":"brand-in-flames","9":"first","10":"instock","11":"taxable","12":"shipping-taxable","13":"purchasable","14":"product-type-simple"},"acf":[],"_links":{"self":[{"href":"https:\/\/brandsforfans.com\/fr\/wp-json\/wp\/v2\/product\/766","targetHints":{"allow":["GET"]}}],"collection":[{"href":"https:\/\/brandsforfans.com\/fr\/wp-json\/wp\/v2\/product"}],"about":[{"href":"https:\/\/brandsforfans.com\/fr\/wp-json\/wp\/v2\/types\/product"}],"replies":[{"embeddable":true,"href":"https:\/\/brandsforfans.com\/fr\/wp-json\/wp\/v2\/comments?post=766"}],"wp:featuredmedia":[{"embeddable":true,"href":"https:\/\/brandsforfans.com\/fr\/wp-json\/wp\/v2\/media\/960"}],"wp:attachment":[{"href":"https:\/\/brandsforfans.com\/fr\/wp-json\/wp\/v2\/media?parent=766"}],"wp:term":[{"taxonomy":"product_brand","embeddable":true,"href":"https:\/\/brandsforfans.com\/fr\/wp-json\/wp\/v2\/product_brand?post=766"},{"taxonomy":"product_cat","embeddable":true,"href":"https:\/\/brandsforfans.com\/fr\/wp-json\/wp\/v2\/product_cat?post=766"},{"taxonomy":"product_tag","embeddable":true,"href":"https:\/\/brandsforfans.com\/fr\/wp-json\/wp\/v2\/product_tag?post=766"}],"curies":[{"name":"wp","href":"https:\/\/api.w.org\/{rel}","templated":true}]}}