{"id":772,"date":"2020-10-20T11:19:03","date_gmt":"2020-10-20T11:19:03","guid":{"rendered":"https:\/\/brandsforfans.com\/en\/product\/black-diamond-premium-dark-rum\/"},"modified":"2026-05-14T11:19:51","modified_gmt":"2026-05-14T10:19:51","slug":"kiss-black-diamond-premium-dark-rum","status":"publish","type":"product","link":"https:\/\/brandsforfans.com\/fr\/produit\/kiss-black-diamond-premium-dark-rum\/","title":{"rendered":"Black Diamond Premium Dark Rum"},"content":{"rendered":"<p>Prenant son nom et son caract\u00e8re du monolithe rock qui est la chanson de cl\u00f4ture du premier album \u00e9ponyme de KISS de 1974, KISS Black Diamond Premium Dark Rum est un m\u00e9lange exceptionnellement doux de rhums en f\u00fbt des Cara\u00efbes \u00e2g\u00e9s jusqu&rsquo;\u00e0 15 ans et mis en bouteille \u00e0 40% d\u2019alcool.<\/p>\n","protected":false},"excerpt":{"rendered":"<p>Prenant son nom et son caract\u00e8re du monolithe rock qui est la chanson de cl\u00f4ture du premier album \u00e9ponyme de KISS de 1974, KISS Black Diamond Premium Dark Rum est un m\u00e9lange exceptionnellement doux de rhums en f\u00fbt des Cara\u00efbes \u00e2g\u00e9s jusqu&rsquo;\u00e0 15 ans et mis en bouteille \u00e0 40% d\u2019alcool.<\/p>\n","protected":false},"featured_media":961,"comment_status":"open","ping_status":"closed","template":"","meta":{"_acf_changed":false,"_trash_the_other_posts":false},"product_brand":[],"product_cat":[16],"product_tag":[],"class_list":{"0":"post-772","1":"product","2":"type-product","3":"status-publish","4":"has-post-thumbnail","6":"product_cat-rum","7":"brand-kiss","9":"first","10":"instock","11":"sale","12":"featured","13":"taxable","14":"shipping-taxable","15":"purchasable","16":"product-type-simple"},"acf":[],"_links":{"self":[{"href":"https:\/\/brandsforfans.com\/fr\/wp-json\/wp\/v2\/product\/772","targetHints":{"allow":["GET"]}}],"collection":[{"href":"https:\/\/brandsforfans.com\/fr\/wp-json\/wp\/v2\/product"}],"about":[{"href":"https:\/\/brandsforfans.com\/fr\/wp-json\/wp\/v2\/types\/product"}],"replies":[{"embeddable":true,"href":"https:\/\/brandsforfans.com\/fr\/wp-json\/wp\/v2\/comments?post=772"}],"wp:featuredmedia":[{"embeddable":true,"href":"https:\/\/brandsforfans.com\/fr\/wp-json\/wp\/v2\/media\/961"}],"wp:attachment":[{"href":"https:\/\/brandsforfans.com\/fr\/wp-json\/wp\/v2\/media?parent=772"}],"wp:term":[{"taxonomy":"product_brand","embeddable":true,"href":"https:\/\/brandsforfans.com\/fr\/wp-json\/wp\/v2\/product_brand?post=772"},{"taxonomy":"product_cat","embeddable":true,"href":"https:\/\/brandsforfans.com\/fr\/wp-json\/wp\/v2\/product_cat?post=772"},{"taxonomy":"product_tag","embeddable":true,"href":"https:\/\/brandsforfans.com\/fr\/wp-json\/wp\/v2\/product_tag?post=772"}],"curies":[{"name":"wp","href":"https:\/\/api.w.org\/{rel}","templated":true}]}}