{"id":773,"date":"2020-11-17T11:19:03","date_gmt":"2020-11-17T11:19:03","guid":{"rendered":"https:\/\/brandsforfans.com\/en\/product\/detroit-rock-rum\/"},"modified":"2026-04-29T05:19:36","modified_gmt":"2026-04-29T04:19:36","slug":"kiss-detroit-rock-rum","status":"publish","type":"product","link":"https:\/\/brandsforfans.com\/fr\/produit\/kiss-detroit-rock-rum\/","title":{"rendered":"Detroit Rock Rum"},"content":{"rendered":"<p>Avec son nom emprunt\u00e9 \u00e0 l&rsquo;un des classiques pr\u00e9f\u00e9r\u00e9s des fans, \u00abDetroit Rock City\u00bb, cette rhum premium est \u00e0 la hauteur de l&rsquo;h\u00e9ritage de la chanson. Un rhum incroyablement doux, bas\u00e9 sur une s\u00e9lection des meilleurs f\u00fbts de rhum dominicains \u00e2g\u00e9s de 8 \u00e0 15 ans. Le rhum est d&rsquo;une qualit\u00e9 exceptionnelle.<\/p>\n<p>Embouteill\u00e9 \u00e0 45% de l\u2019alcool, le rhum KISS Detroit Rock est incroyablement doux avec un parfum \u00e9pic\u00e9 nuanc\u00e9 et un caract\u00e8re de ch\u00eane clair.<\/p>\n","protected":false},"excerpt":{"rendered":"<p>Avec son nom emprunt\u00e9 \u00e0 l&rsquo;un des classiques pr\u00e9f\u00e9r\u00e9s des fans, \u00abDetroit Rock City\u00bb, cette rhum premium est \u00e0 la hauteur de l&rsquo;h\u00e9ritage de la chanson. Un rhum incroyablement doux, bas\u00e9 sur une s\u00e9lection des meilleurs f\u00fbts de rhum dominicains \u00e2g\u00e9s de 8 \u00e0 15 ans. Le rhum est d&rsquo;une qualit\u00e9 exceptionnelle. Embouteill\u00e9 \u00e0 45% [&hellip;]<\/p>\n","protected":false},"featured_media":949,"comment_status":"open","ping_status":"closed","template":"","meta":{"_acf_changed":false,"_trash_the_other_posts":false},"product_brand":[],"product_cat":[16],"product_tag":[],"class_list":{"0":"post-773","1":"product","2":"type-product","3":"status-publish","4":"has-post-thumbnail","6":"product_cat-rum","7":"brand-kiss","9":"first","10":"instock","11":"sale","12":"taxable","13":"shipping-taxable","14":"purchasable","15":"product-type-simple"},"acf":[],"_links":{"self":[{"href":"https:\/\/brandsforfans.com\/fr\/wp-json\/wp\/v2\/product\/773","targetHints":{"allow":["GET"]}}],"collection":[{"href":"https:\/\/brandsforfans.com\/fr\/wp-json\/wp\/v2\/product"}],"about":[{"href":"https:\/\/brandsforfans.com\/fr\/wp-json\/wp\/v2\/types\/product"}],"replies":[{"embeddable":true,"href":"https:\/\/brandsforfans.com\/fr\/wp-json\/wp\/v2\/comments?post=773"}],"wp:featuredmedia":[{"embeddable":true,"href":"https:\/\/brandsforfans.com\/fr\/wp-json\/wp\/v2\/media\/949"}],"wp:attachment":[{"href":"https:\/\/brandsforfans.com\/fr\/wp-json\/wp\/v2\/media?parent=773"}],"wp:term":[{"taxonomy":"product_brand","embeddable":true,"href":"https:\/\/brandsforfans.com\/fr\/wp-json\/wp\/v2\/product_brand?post=773"},{"taxonomy":"product_cat","embeddable":true,"href":"https:\/\/brandsforfans.com\/fr\/wp-json\/wp\/v2\/product_cat?post=773"},{"taxonomy":"product_tag","embeddable":true,"href":"https:\/\/brandsforfans.com\/fr\/wp-json\/wp\/v2\/product_tag?post=773"}],"curies":[{"name":"wp","href":"https:\/\/api.w.org\/{rel}","templated":true}]}}