{"id":2151,"date":"2022-06-10T10:35:20","date_gmt":"2022-06-10T10:35:20","guid":{"rendered":"https:\/\/brandsforfans.com\/se\/?post_type=product&#038;p=2151"},"modified":"2022-12-05T19:28:54","modified_gmt":"2022-12-05T19:28:54","slug":"animal","status":"publish","type":"product","link":"https:\/\/brandsforfans.com\/se\/product\/animal\/","title":{"rendered":"Animal"},"content":{"rendered":"<p><strong>Def Leppard &#8216;Animal&#8217; \u00e4r en klassisk London Dry Gin med en h\u00f6g intensitet av smaker.<\/strong> Det spannm\u00e5lsbaserade destillatet \u00e4r tungt med enb\u00e4r, citron och v\u00e4xter.<\/p>\n<p>Den \u00e4r kryddig, stor och dj\u00e4rv och har alla klassiska smak-karakt\u00e4rer du kan f\u00f6rv\u00e4nta dig i en London Dry Gin. Denna gins etikettdesign \u00e4r inspirerad av hitsingeln &#8220;Animal&#8221; fr\u00e5n albumet Hysteria.<\/p>\n","protected":false},"excerpt":{"rendered":"<p>Def Leppard &#8216;Animal&#8217; \u00e4r en klassisk London Dry Gin med en h\u00f6g intensitet av smaker. Det spannm\u00e5lsbaserade destillatet \u00e4r tungt med enb\u00e4r, citron och v\u00e4xter. Den \u00e4r kryddig, stor och dj\u00e4rv och har alla klassiska smak-karakt\u00e4rer du kan f\u00f6rv\u00e4nta dig i en London Dry Gin. Denna gins etikettdesign \u00e4r inspirerad av hitsingeln &#8220;Animal&#8221; fr\u00e5n albumet [&hellip;]<\/p>\n","protected":false},"featured_media":2152,"comment_status":"open","ping_status":"closed","template":"","meta":{"_acf_changed":false,"_trash_the_other_posts":false},"product_brand":[],"product_cat":[46],"product_tag":[],"class_list":{"0":"post-2151","1":"product","2":"type-product","3":"status-publish","4":"has-post-thumbnail","6":"product_cat-gin","7":"brand-def-leppard","9":"first","10":"instock","11":"taxable","12":"shipping-taxable","13":"purchasable","14":"product-type-simple"},"acf":[],"_links":{"self":[{"href":"https:\/\/brandsforfans.com\/se\/wp-json\/wp\/v2\/product\/2151","targetHints":{"allow":["GET"]}}],"collection":[{"href":"https:\/\/brandsforfans.com\/se\/wp-json\/wp\/v2\/product"}],"about":[{"href":"https:\/\/brandsforfans.com\/se\/wp-json\/wp\/v2\/types\/product"}],"replies":[{"embeddable":true,"href":"https:\/\/brandsforfans.com\/se\/wp-json\/wp\/v2\/comments?post=2151"}],"wp:featuredmedia":[{"embeddable":true,"href":"https:\/\/brandsforfans.com\/se\/wp-json\/wp\/v2\/media\/2152"}],"wp:attachment":[{"href":"https:\/\/brandsforfans.com\/se\/wp-json\/wp\/v2\/media?parent=2151"}],"wp:term":[{"taxonomy":"product_brand","embeddable":true,"href":"https:\/\/brandsforfans.com\/se\/wp-json\/wp\/v2\/product_brand?post=2151"},{"taxonomy":"product_cat","embeddable":true,"href":"https:\/\/brandsforfans.com\/se\/wp-json\/wp\/v2\/product_cat?post=2151"},{"taxonomy":"product_tag","embeddable":true,"href":"https:\/\/brandsforfans.com\/se\/wp-json\/wp\/v2\/product_tag?post=2151"}],"curies":[{"name":"wp","href":"https:\/\/api.w.org\/{rel}","templated":true}]}}