{"id":2154,"date":"2022-06-10T11:12:03","date_gmt":"2022-06-10T11:12:03","guid":{"rendered":"https:\/\/brandsforfans.com\/se\/?post_type=product&#038;p=2154"},"modified":"2022-12-05T19:28:38","modified_gmt":"2022-12-05T19:28:38","slug":"rocket","status":"publish","type":"product","link":"https:\/\/brandsforfans.com\/se\/product\/rocket\/","title":{"rendered":"Rocket"},"content":{"rendered":"<p><strong>Def Leppard &#8216;Rocket&#8217; \u00e4r en premium destillerad gin med en h\u00f6g intensitet av smaker.<\/strong> Med denna gin \u00e4r det spannm\u00e5lsbaserade destillatet ocks\u00e5 dj\u00e4rvt med enb\u00e4r och \u00f6rtartade toner.<\/p>\n<p>Med inspiration fr\u00e5n lavendellabyrinterna i Sheffield (Manor Lodge), och f\u00f6r att f\u00e5 en \u00e4nnu mer utvecklad upplevelse av botanisk karakt\u00e4r, adderas ytterligare smaker av lavendel och citron och blandas med destillatet. Det finns inga tillsatta s\u00f6tningsmedel, vilket s\u00e4kerst\u00e4ller den renaste kvaliteten p\u00e5 v\u00e4tskan. Etikettdesignen \u00e4r baserad p\u00e5 hitsingeln &#8220;Rocket&#8221; fr\u00e5n albumet Hysteria.<\/p>\n","protected":false},"excerpt":{"rendered":"<p>Def Leppard &#8216;Rocket&#8217; \u00e4r en premium destillerad gin med en h\u00f6g intensitet av smaker. Med denna gin \u00e4r det spannm\u00e5lsbaserade destillatet ocks\u00e5 dj\u00e4rvt med enb\u00e4r och \u00f6rtartade toner. Med inspiration fr\u00e5n lavendellabyrinterna i Sheffield (Manor Lodge), och f\u00f6r att f\u00e5 en \u00e4nnu mer utvecklad upplevelse av botanisk karakt\u00e4r, adderas ytterligare smaker av lavendel och citron [&hellip;]<\/p>\n","protected":false},"featured_media":2155,"comment_status":"open","ping_status":"closed","template":"","meta":{"_acf_changed":false,"_trash_the_other_posts":false},"product_brand":[],"product_cat":[46],"product_tag":[],"class_list":{"0":"post-2154","1":"product","2":"type-product","3":"status-publish","4":"has-post-thumbnail","6":"product_cat-gin","7":"brand-def-leppard","9":"first","10":"instock","11":"taxable","12":"shipping-taxable","13":"purchasable","14":"product-type-simple"},"acf":[],"_links":{"self":[{"href":"https:\/\/brandsforfans.com\/se\/wp-json\/wp\/v2\/product\/2154","targetHints":{"allow":["GET"]}}],"collection":[{"href":"https:\/\/brandsforfans.com\/se\/wp-json\/wp\/v2\/product"}],"about":[{"href":"https:\/\/brandsforfans.com\/se\/wp-json\/wp\/v2\/types\/product"}],"replies":[{"embeddable":true,"href":"https:\/\/brandsforfans.com\/se\/wp-json\/wp\/v2\/comments?post=2154"}],"wp:featuredmedia":[{"embeddable":true,"href":"https:\/\/brandsforfans.com\/se\/wp-json\/wp\/v2\/media\/2155"}],"wp:attachment":[{"href":"https:\/\/brandsforfans.com\/se\/wp-json\/wp\/v2\/media?parent=2154"}],"wp:term":[{"taxonomy":"product_brand","embeddable":true,"href":"https:\/\/brandsforfans.com\/se\/wp-json\/wp\/v2\/product_brand?post=2154"},{"taxonomy":"product_cat","embeddable":true,"href":"https:\/\/brandsforfans.com\/se\/wp-json\/wp\/v2\/product_cat?post=2154"},{"taxonomy":"product_tag","embeddable":true,"href":"https:\/\/brandsforfans.com\/se\/wp-json\/wp\/v2\/product_tag?post=2154"}],"curies":[{"name":"wp","href":"https:\/\/api.w.org\/{rel}","templated":true}]}}