{"id":770,"date":"2012-03-04T11:19:03","date_gmt":"2012-03-04T11:19:03","guid":{"rendered":"https:\/\/brandsforfans.com\/en\/product\/premium-vodka-2\/"},"modified":"2024-11-22T15:41:34","modified_gmt":"2024-11-22T14:41:34","slug":"motorhead-premium-vodka","status":"publish","type":"product","link":"https:\/\/brandsforfans.com\/se\/product\/motorhead-premium-vodka\/","title":{"rendered":"Premium V\u00f6dka"},"content":{"rendered":"<p>Mot\u00f6rhead\u2019s domination of the rock scene doesn\u2019t just stop on the stage, but is very much still alive through the band\u2019s own drinks brand. Enter stage right \u2013 the Mot\u00f6rhead V\u00f6dka.<\/p>\n<p>Whether shaken, stirred or mixed, the Mot\u00f6rhead V\u00f6dka is uncompromising in its rich, full and complex flavour profile.<\/p>\n<p>Pure and clean with a smooth aftertaste, this rock\u2019n\u2019roll vodka has been distilled three times for ultimate quality.<\/p>\n","protected":false},"excerpt":{"rendered":"<p>Mot\u00f6rhead\u2019s domination of the rock scene doesn\u2019t just stop on the stage, but is very much still alive through the band\u2019s own drinks brand. Enter stage right \u2013 the Mot\u00f6rhead V\u00f6dka. Whether shaken, stirred or mixed, the Mot\u00f6rhead V\u00f6dka is uncompromising in its rich, full and complex flavour profile. Pure and clean with a smooth [&hellip;]<\/p>\n","protected":false},"featured_media":957,"comment_status":"open","ping_status":"closed","template":"","meta":{"_acf_changed":false,"_trash_the_other_posts":false},"product_brand":[],"product_cat":[44],"product_tag":[],"class_list":{"0":"post-770","1":"product","2":"type-product","3":"status-publish","4":"has-post-thumbnail","6":"product_cat-vodka","7":"brand-motorhead","9":"first","10":"outofstock","11":"taxable","12":"shipping-taxable","13":"purchasable","14":"product-type-simple"},"acf":[],"_links":{"self":[{"href":"https:\/\/brandsforfans.com\/se\/wp-json\/wp\/v2\/product\/770","targetHints":{"allow":["GET"]}}],"collection":[{"href":"https:\/\/brandsforfans.com\/se\/wp-json\/wp\/v2\/product"}],"about":[{"href":"https:\/\/brandsforfans.com\/se\/wp-json\/wp\/v2\/types\/product"}],"replies":[{"embeddable":true,"href":"https:\/\/brandsforfans.com\/se\/wp-json\/wp\/v2\/comments?post=770"}],"wp:featuredmedia":[{"embeddable":true,"href":"https:\/\/brandsforfans.com\/se\/wp-json\/wp\/v2\/media\/957"}],"wp:attachment":[{"href":"https:\/\/brandsforfans.com\/se\/wp-json\/wp\/v2\/media?parent=770"}],"wp:term":[{"taxonomy":"product_brand","embeddable":true,"href":"https:\/\/brandsforfans.com\/se\/wp-json\/wp\/v2\/product_brand?post=770"},{"taxonomy":"product_cat","embeddable":true,"href":"https:\/\/brandsforfans.com\/se\/wp-json\/wp\/v2\/product_cat?post=770"},{"taxonomy":"product_tag","embeddable":true,"href":"https:\/\/brandsforfans.com\/se\/wp-json\/wp\/v2\/product_tag?post=770"}],"curies":[{"name":"wp","href":"https:\/\/api.w.org\/{rel}","templated":true}]}}